{"id":16638,"date":"2018-07-11T16:47:17","date_gmt":"2018-07-11T16:47:17","guid":{"rendered":"http:\/\/www.m-eva.es\/?page_id=16638"},"modified":"2018-07-11T16:47:17","modified_gmt":"2018-07-11T16:47:17","slug":"16638-2","status":"publish","type":"page","link":"https:\/\/m-eva.es\/en\/16638-2\/","title":{"rendered":""},"content":{"rendered":"<p>eVa G\u00f3mez Coloma \u00a9 Derechos reservados 2017 <span style=\"color: #ffffff;\"><a style=\"color: #ffffff;\" href=\"https:\/\/www.m-eva.es\/politica-de-privacidad\/\">Pol\u00edtica de Privacidad<\/a> | <a style=\"color: #ffffff;\" href=\"https:\/\/www.m-eva.es\/aviso-legal\/\">Aviso legal<\/a>\u00a0| <a style=\"color: #ffffff;\" href=\"https:\/\/www.m-eva.es\/ley-de-cookies\/\">Ley de cookies<\/a><\/span><\/p>","protected":false},"excerpt":{"rendered":"<p>eVa G\u00f3mez Coloma \u00a9 Derechos reservados 2017 Pol\u00edtica de Privacidad | Aviso legal\u00a0| Ley de cookies<\/p>\n","protected":false},"author":1,"featured_media":0,"parent":0,"menu_order":0,"comment_status":"closed","ping_status":"closed","template":"","meta":[],"yoast_head":"<!-- This site is optimized with the Yoast SEO plugin v19.14 - https:\/\/yoast.com\/wordpress\/plugins\/seo\/ -->\n<title>| eVa G\u00f3mez Coloma<\/title>\n<meta name=\"robots\" content=\"index, follow, max-snippet:-1, max-image-preview:large, max-video-preview:-1\" \/>\n<link rel=\"canonical\" href=\"https:\/\/m-eva.es\/16638-2\/\" \/>\n<meta property=\"og:locale\" content=\"en_US\" \/>\n<meta property=\"og:type\" content=\"article\" \/>\n<meta property=\"og:title\" content=\"| eVa G\u00f3mez Coloma\" \/>\n<meta property=\"og:description\" content=\"eVa G\u00f3mez Coloma \u00a9 Derechos reservados 2017 Pol\u00edtica de Privacidad | Aviso legal\u00a0| Ley de cookies\" \/>\n<meta property=\"og:url\" content=\"https:\/\/m-eva.es\/16638-2\/\" \/>\n<meta property=\"og:site_name\" content=\"eVa G\u00f3mez Coloma\" \/>\n<meta name=\"twitter:card\" content=\"summary_large_image\" \/>\n<meta name=\"twitter:site\" content=\"@eVa_kts\" \/>\n<script type=\"application\/ld+json\" class=\"yoast-schema-graph\">{\"@context\":\"https:\/\/schema.org\",\"@graph\":[{\"@type\":\"WebPage\",\"@id\":\"https:\/\/m-eva.es\/16638-2\/\",\"url\":\"https:\/\/m-eva.es\/16638-2\/\",\"name\":\"| eVa G\u00f3mez Coloma\",\"isPartOf\":{\"@id\":\"https:\/\/m-eva.es\/#website\"},\"datePublished\":\"2018-07-11T16:47:17+00:00\",\"dateModified\":\"2018-07-11T16:47:17+00:00\",\"inLanguage\":\"en-US\",\"potentialAction\":[{\"@type\":\"ReadAction\",\"target\":[\"https:\/\/m-eva.es\/16638-2\/\"]}]},{\"@type\":\"WebSite\",\"@id\":\"https:\/\/m-eva.es\/#website\",\"url\":\"https:\/\/m-eva.es\/\",\"name\":\"eVa G\u00f3mez Coloma\",\"description\":\"dise\u00f1o marketing psicolog\u00eda\",\"publisher\":{\"@id\":\"https:\/\/m-eva.es\/#organization\"},\"potentialAction\":[{\"@type\":\"SearchAction\",\"target\":{\"@type\":\"EntryPoint\",\"urlTemplate\":\"https:\/\/m-eva.es\/?s={search_term_string}\"},\"query-input\":\"required name=search_term_string\"}],\"inLanguage\":\"en-US\"},{\"@type\":\"Organization\",\"@id\":\"https:\/\/m-eva.es\/#organization\",\"name\":\"eVa G\u00f3mez Coloma\",\"url\":\"https:\/\/m-eva.es\/\",\"logo\":{\"@type\":\"ImageObject\",\"inLanguage\":\"en-US\",\"@id\":\"https:\/\/m-eva.es\/#\/schema\/logo\/image\/\",\"url\":\"https:\/\/m-eva.es\/wp-content\/uploads\/2016\/12\/logo-eva-40.png\",\"contentUrl\":\"https:\/\/m-eva.es\/wp-content\/uploads\/2016\/12\/logo-eva-40.png\",\"width\":88,\"height\":40,\"caption\":\"eVa G\u00f3mez Coloma\"},\"image\":{\"@id\":\"https:\/\/m-eva.es\/#\/schema\/logo\/image\/\"},\"sameAs\":[\"https:\/\/www.instagram.com\/eva_kts\/?hl=es\",\"https:\/\/www.linkedin.com\/in\/evagomezcoloma\/\",\"https:\/\/www.pinterest.es\/eVafsh\/\",\"https:\/\/twitter.com\/eVa_kts\"]}]}<\/script>\n<!-- \/ Yoast SEO plugin. -->","yoast_head_json":{"title":"| eVa G\u00f3mez Coloma","robots":{"index":"index","follow":"follow","max-snippet":"max-snippet:-1","max-image-preview":"max-image-preview:large","max-video-preview":"max-video-preview:-1"},"canonical":"https:\/\/m-eva.es\/16638-2\/","og_locale":"en_US","og_type":"article","og_title":"| eVa G\u00f3mez Coloma","og_description":"eVa G\u00f3mez Coloma \u00a9 Derechos reservados 2017 Pol\u00edtica de Privacidad | Aviso legal\u00a0| Ley de cookies","og_url":"https:\/\/m-eva.es\/16638-2\/","og_site_name":"eVa G\u00f3mez Coloma","twitter_card":"summary_large_image","twitter_site":"@eVa_kts","schema":{"@context":"https:\/\/schema.org","@graph":[{"@type":"WebPage","@id":"https:\/\/m-eva.es\/16638-2\/","url":"https:\/\/m-eva.es\/16638-2\/","name":"| eVa G\u00f3mez Coloma","isPartOf":{"@id":"https:\/\/m-eva.es\/#website"},"datePublished":"2018-07-11T16:47:17+00:00","dateModified":"2018-07-11T16:47:17+00:00","inLanguage":"en-US","potentialAction":[{"@type":"ReadAction","target":["https:\/\/m-eva.es\/16638-2\/"]}]},{"@type":"WebSite","@id":"https:\/\/m-eva.es\/#website","url":"https:\/\/m-eva.es\/","name":"eVa G\u00f3mez Coloma","description":"dise\u00f1o marketing psicolog\u00eda","publisher":{"@id":"https:\/\/m-eva.es\/#organization"},"potentialAction":[{"@type":"SearchAction","target":{"@type":"EntryPoint","urlTemplate":"https:\/\/m-eva.es\/?s={search_term_string}"},"query-input":"required name=search_term_string"}],"inLanguage":"en-US"},{"@type":"Organization","@id":"https:\/\/m-eva.es\/#organization","name":"eVa G\u00f3mez Coloma","url":"https:\/\/m-eva.es\/","logo":{"@type":"ImageObject","inLanguage":"en-US","@id":"https:\/\/m-eva.es\/#\/schema\/logo\/image\/","url":"https:\/\/m-eva.es\/wp-content\/uploads\/2016\/12\/logo-eva-40.png","contentUrl":"https:\/\/m-eva.es\/wp-content\/uploads\/2016\/12\/logo-eva-40.png","width":88,"height":40,"caption":"eVa G\u00f3mez Coloma"},"image":{"@id":"https:\/\/m-eva.es\/#\/schema\/logo\/image\/"},"sameAs":["https:\/\/www.instagram.com\/eva_kts\/?hl=es","https:\/\/www.linkedin.com\/in\/evagomezcoloma\/","https:\/\/www.pinterest.es\/eVafsh\/","https:\/\/twitter.com\/eVa_kts"]}]}},"_links":{"self":[{"href":"https:\/\/m-eva.es\/en\/wp-json\/wp\/v2\/pages\/16638"}],"collection":[{"href":"https:\/\/m-eva.es\/en\/wp-json\/wp\/v2\/pages"}],"about":[{"href":"https:\/\/m-eva.es\/en\/wp-json\/wp\/v2\/types\/page"}],"author":[{"embeddable":true,"href":"https:\/\/m-eva.es\/en\/wp-json\/wp\/v2\/users\/1"}],"replies":[{"embeddable":true,"href":"https:\/\/m-eva.es\/en\/wp-json\/wp\/v2\/comments?post=16638"}],"version-history":[{"count":2,"href":"https:\/\/m-eva.es\/en\/wp-json\/wp\/v2\/pages\/16638\/revisions"}],"predecessor-version":[{"id":16696,"href":"https:\/\/m-eva.es\/en\/wp-json\/wp\/v2\/pages\/16638\/revisions\/16696"}],"wp:attachment":[{"href":"https:\/\/m-eva.es\/en\/wp-json\/wp\/v2\/media?parent=16638"}],"curies":[{"name":"wp","href":"https:\/\/api.w.org\/{rel}","templated":true}]}}