{"id":16625,"date":"2018-07-11T16:26:05","date_gmt":"2018-07-11T16:26:05","guid":{"rendered":"http:\/\/www.m-eva.es\/?page_id=16625"},"modified":"2019-10-10T10:56:58","modified_gmt":"2019-10-10T10:56:58","slug":"ley-de-cookies","status":"publish","type":"page","link":"https:\/\/m-eva.es\/en\/ley-de-cookies\/","title":{"rendered":"Ley de Cookies"},"content":{"rendered":"<p>[vc_row row_type=&#8221;row&#8221; use_row_as_full_screen_section=&#8221;no&#8221; type=&#8221;full_width&#8221; angled_section=&#8221;no&#8221; text_align=&#8221;left&#8221; background_image_as_pattern=&#8221;without_pattern&#8221; css_animation=&#8221;&#8221;][vc_column][vc_column_text]<\/p>\n<h3 style=\"text-align: justify;\">USO DE COOKIES Y DEL FICHERO DE ACTIVIDAD<\/h3>\n<p style=\"text-align: justify;\">El sitio web www.m-eva.es utiliza cookies propias y de terceros para recopilar informaci\u00f3n que ayuda a optimizar su visita a sus p\u00e1ginas web. No se utilizar\u00e1n las cookies para recoger informaci\u00f3n de car\u00e1cter personal. Usted puede permitir su uso o rechazarlo, tambi\u00e9n puede cambiar su configuraci\u00f3n siempre que lo desee. Encontrar\u00e1 m\u00e1s informaci\u00f3n en nuestra Pol\u00edtica de Cookies.<\/p>\n<p style=\"text-align: justify;\">ACCEPTAR COOKIES\u00a0 \u00a0 \u00a0 \u00a0 \u00a0MODIFICAR SU\u00a0CONFIGURACI\u00d3N<\/p>\n<p style=\"text-align: justify;\"><em>NOTA &#8211; Si hace clic en el bot\u00f3n:<\/em><\/p>\n<p style=\"text-align: justify;\"><em>&#8220;Aceptar cookies&#8221;:\u00a0 Continua navegando por la p\u00e1gina web y el mensaje puede desaparecer.<\/em><\/p>\n<p style=\"text-align: justify;\"><em>&#8220;Modificar su configuraci\u00f3n&#8221;: Accede al apartado &#8220;C\u00f3mo modificar la configuraci\u00f3n de las cookies&#8221; del siguiente texto.<\/em><\/p>\n<p style=\"text-align: justify;\"><em>NOTA-\u00a0 En la siguientes p\u00e1ginas exponemos el texto legal para incluir en su p\u00e1gina web advirtiendo del uso de cookies, en este caso s\u00f3lo las de Google Analytics que suponemos que podr\u00e1n utilizar.<\/em><\/p>\n<p style=\"text-align: justify;\"><em>En caso de que utilicen otras cookies, deben ofrecer informaci\u00f3n sobre la utilizaci\u00f3n de las cookies que se van a instalar y, en su caso, indicar los fines del tratamiento de los datos personales que se llevar\u00e1 a cabo a trav\u00e9s de ellas.<\/em><\/p>\n<p style=\"text-align: justify;\"><em>Ejemplo: &#8220;cookie PHPSESSID \u2013 permite al usuario visualizar la p\u00e1gina web e interactuar con ella&#8221;. Tambi\u00e9n es necesario que incluyan un aviso como el del ejemplo al entrar en la p\u00e1gina web, antes de que se le instalen las cookies al usuario.<\/em><\/p>\n<p style=\"text-align: justify;\"><strong>Pol\u00edtica de cookies<\/strong><\/p>\n<p style=\"text-align: justify;\">eVa\u00a0G\u00f3mez Coloma informa acerca del uso de las cookies en su p\u00e1gina web: www.m-eva.es<\/p>\n<p style=\"text-align: justify;\"><strong>\u00bfQu\u00e9 son las cookies?<\/strong><\/p>\n<p style=\"text-align: justify;\">Las cookies son archivos que se pueden descargar en su equipo a trav\u00e9s de las p\u00e1ginas web. Son herramientas que tienen un papel esencial para la prestaci\u00f3n de numerosos servicios de la sociedad de la informaci\u00f3n. Entre otros, permiten a una p\u00e1gina web almacenar y recuperar informaci\u00f3n sobre los h\u00e1bitos de navegaci\u00f3n de un usuario o de su equipo y, dependiendo de la informaci\u00f3n obtenida, se pueden utilizar para reconocer al usuario y mejorar el servicio ofrecido.<\/p>\n<p style=\"text-align: justify;\"><strong>Tipos de cookies<\/strong><\/p>\n<p style=\"text-align: justify;\">Seg\u00fan quien sea la entidad que gestione el dominio desde donde se env\u00edan las cookies y trate los datos que se obtengan se pueden distinguir dos tipos:<\/p>\n<ul>\n<li style=\"text-align: justify;\">\u0090Cookies propias: Aqu\u00e9llas que se env\u00edan al equipo terminal del usuario desde un equipo o dominio gestionado por el propio editor y desde el que se presta el servicio solicitado por el usuario. \u0090<\/li>\n<li style=\"text-align: justify;\">Cookies de terceros: Aqu\u00e9llas que se env\u00edan al equipo terminal del usuario desde un equipo o dominio que no es gestionado por el editor, sino por otra entidad que trata los datos obtenidos trav\u00e9s de las cookies.<\/li>\n<\/ul>\n<p style=\"text-align: justify;\">En el caso de que las cookies sean instaladas desde un equipo o dominio gestionado por el propio editor pero la informaci\u00f3n que se recoja mediante \u00e9stas sea gestionada por un tercero, no pueden ser consideradas como cookies propias.<\/p>\n<p style=\"text-align: justify;\">Existe tambi\u00e9n una segunda clasificaci\u00f3n seg\u00fan el plazo de tiempo que permanecen almacenadas en el navegador del cliente, pudiendo tratarse de:<\/p>\n<ul>\n<li style=\"text-align: justify;\">\u0090 Cookies de sesi\u00f3n: Dise\u00f1adas para recabar y almacenar datos mientras el usuario accede a una p\u00e1gina web. Se suelen emplear para almacenar informaci\u00f3n que solo interesa conservar para la prestaci\u00f3n del servicio solicitado por el usuario en una sola ocasi\u00f3n (p.e. una lista de productos adquiridos). \u0090<\/li>\n<li style=\"text-align: justify;\">Cookies persistentes: Los datos siguen almacenados en el terminal y pueden ser accedidos y tratados durante un periodo definido por el responsable de la cookie, y que puede ir de unos minutos a varios a\u00f1os.<\/li>\n<\/ul>\n<p>Por \u00faltimo, existe otra clasificaci\u00f3n con seis tipos de cookies seg\u00fan la finalidad para la que se traten los datos obtenidos:<\/p>\n<ul>\n<li>\u0090 Cookies t\u00e9cnicas: Aquellas que permiten al usuario la navegaci\u00f3n a trav\u00e9s de una p\u00e1gina web, plataforma o aplicaci\u00f3n y la utilizaci\u00f3n de las diferentes opciones o servicios que en ella existan como, por ejemplo, controlar el tr\u00e1fico y la comunicaci\u00f3n de datos, identificar la sesi\u00f3n, acceder a partes de acceso restringido, recordar los elementos que integran un pedido, realizar el proceso de compra de un pedido, realizar la solicitud de inscripci\u00f3n o participaci\u00f3n en un evento, utilizar elementos de seguridad durante la navegaci\u00f3n, almacenar contenidos para la difusi\u00f3n de v\u00eddeos o sonido o compartir contenidos a trav\u00e9s de redes sociales. \u0090<\/li>\n<li>Cookies de personalizaci\u00f3n: Permiten al usuario acceder al servicio con algunas caracter\u00edsticas de car\u00e1cter general predefinidas en funci\u00f3n de una serie de criterios en el terminal del usuario como por ejemplo serian el idioma, el tipo de navegador a trav\u00e9s del cual accede al servicio, la configuraci\u00f3n regional desde donde accede al servicio, etc. \u0090<\/li>\n<li>Cookies de an\u00e1lisis: Permiten al responsable de las mismas, el seguimiento y an\u00e1lisis del comportamiento de los usuarios de los sitios web a los que est\u00e1n vinculadas. La informaci\u00f3n recogida mediante este tipo de cookies se utiliza en la medici\u00f3n de la actividad de los sitios web, aplicaci\u00f3n o plataforma y para la elaboraci\u00f3n de perfiles de navegaci\u00f3n de los usuarios de dichos sitios, aplicaciones y plataformas, con el fin de introducir mejoras en funci\u00f3n del an\u00e1lisis de los datos de uso que hacen los usuarios del servicio. \u0090<\/li>\n<li>Cookies publicitarias: Permiten la gesti\u00f3n, de la forma m\u00e1s eficaz posible, de los espacios publicitarios. \u0090<\/li>\n<li>Cookies de publicidad comportamental: Almacenan informaci\u00f3n del comportamiento de los usuarios obtenida a trav\u00e9s de la observaci\u00f3n continuada de sus h\u00e1bitos de navegaci\u00f3n, lo que permite desarrollar un perfil espec\u00edfico para mostrar publicidad en funci\u00f3n del mismo. \u0090<\/li>\n<li>Cookies de redes sociales externas: Se utilizan para que los visitantes puedan interactuar con el contenido de diferentes plataformas sociales (facebook, youtube, twitter, linkedIn, etc..) y que se generen \u00fanicamente para los usuarios de dichas redes sociales. Las condiciones de utilizaci\u00f3n de estas cookies y la informaci\u00f3n recopilada se regula por la pol\u00edtica de privacidad de la plataforma social correspondiente.<\/li>\n<\/ul>\n<p style=\"text-align: justify;\"><strong>Desactivaci\u00f3n y eliminaci\u00f3n de cookies<\/strong><\/p>\n<p style=\"text-align: justify;\">Tienes la opci\u00f3n de permitir, bloquear o eliminar las cookies instaladas en tu equipo mediante la configuraci\u00f3n de las opciones del navegador instalado en su equipo. Al desactivar cookies, algunos de los servicios disponibles podr\u00edan dejar de estar operativos. La forma de deshabilitar las cookies es diferente para cada navegador, pero normalmente puede hacerse desde el men\u00fa Herramientas u Opciones. Tambi\u00e9n puede consultarse el men\u00fa de Ayuda del navegador d\u00f3nde puedes encontrar instrucciones. El usuario podr\u00e1 en cualquier momento elegir qu\u00e9 cookies quiere que funcionen en este sitio web.<\/p>\n<p style=\"text-align: justify;\">Puede usted permitir, bloquear o eliminar las cookies instaladas en su equipo mediante la configuraci\u00f3n de las opciones del navegador instalado en su ordenador:<\/p>\n<p style=\"text-align: justify;\">\u0090<\/p>\n<p style=\"text-align: justify;\">Microsoft Internet Explorer o Microsoft Edge:\u00a0<a href=\"http:\/\/windows.microsoft.com\/es-es\/windows-vista\/Block-or-allow-cookies \u0090\" target=\"_blank\" rel=\"noopener noreferrer\">http:\/\/windows.microsoft.com\/es-es\/windows-vista\/Block-or-allow-cookies \u0090<\/a><\/p>\n<p style=\"text-align: justify;\">Mozilla Firefox:\u00a0<a href=\"http:\/\/support.mozilla.org\/es\/kb\/impedir-que-los-sitios-web-guarden-sus-preferencia\" target=\"_blank\" rel=\"noopener noreferrer\">http:\/\/support.mozilla.org\/es\/kb\/impedir-que-los-sitios-web-guarden-sus-preferencia\u00a0<\/a>\u0090<\/p>\n<p style=\"text-align: justify;\">Chrome: <a href=\"https:\/\/support.google.com\/accounts\/answer\/61416?hl=es\" target=\"_blank\" rel=\"noopener noreferrer\">https:\/\/support.google.com\/accounts\/answer\/61416?hl=es <\/a>\u0090<\/p>\n<p style=\"text-align: justify;\">Safari: <a href=\"http:\/\/safari.helpmax.net\/es\/privacidad-y-seguridad\/como-gestionar-las-cookies\/\" target=\"_blank\" rel=\"noopener noreferrer\">http:\/\/safari.helpmax.net\/es\/privacidad-y-seguridad\/como-gestionar-las-cookies\/<\/a> \u0090<\/p>\n<p style=\"text-align: justify;\">Opera:\u00a0<a href=\"http:\/\/help.opera.com\/Linux\/10.60\/es-ES\/cookies.html\">http:\/\/help.opera.com\/Linux\/10.60\/es-ES\/cookies.html<\/a><\/p>\n<p style=\"text-align: justify;\">Adem\u00e1s, tambi\u00e9n puede gestionar el almac\u00e9n de cookies en su navegador a trav\u00e9s de herramientas como las siguientes<\/p>\n<ul>\n<li style=\"text-align: justify;\">\u0090 Ghostery: <a href=\"https:\/\/www.ghostery.com\/\" target=\"_blank\" rel=\"noopener noreferrer\">www.ghostery.com\/ <\/a>\u0090<\/li>\n<li style=\"text-align: justify;\">Your Online Choices: <a href=\"http:\/\/www.youronlinechoices.com\/es\/\" target=\"_blank\" rel=\"noopener noreferrer\">www.youronlinechoices.com\/es\/<\/a><\/li>\n<\/ul>\n<p><strong>Cookies utilizadas en www.m-eva.es<\/strong><\/p>\n<p>A continuaci\u00f3n se identifican las cookies que est\u00e1n siendo utilizadas en este portal as\u00ed como su tipolog\u00eda y funci\u00f3n:<\/p>\n<p><strong>Aceptaci\u00f3n de la Pol\u00edtica de cookies<\/strong><\/p>\n<p>www.m-eva.es, asume que usted acepta el uso de cookies. No obstante, muestra informaci\u00f3n sobre su Pol\u00edtica de cookies en la parte inferior o superior de cualquier p\u00e1gina del portal con cada inicio de sesi\u00f3n con el objeto de que usted sea consciente.<\/p>\n<p>Ante esta informaci\u00f3n es posible llevar a cabo las siguientes acciones:<\/p>\n<ul>\n<li>\u0090Aceptar cookies: No se volver\u00e1 a visualizar este aviso al acceder a cualquier p\u00e1gina del portal durante la presente sesi\u00f3n. \u0090<\/li>\n<li>Cerrar: Se oculta el aviso en la presente p\u00e1gina. \u0090<\/li>\n<li>Modificar su configuraci\u00f3n: Podr\u00e1 obtener m\u00e1s informaci\u00f3n sobre qu\u00e9 son las cookies, conocer la Pol\u00edtica de cookies de: www.m-eva.es y modificar la configuraci\u00f3n de su navegador.<\/li>\n<\/ul>\n<p>[\/vc_column_text][\/vc_column][\/vc_row][vc_row row_type=&#8221;row&#8221; use_row_as_full_screen_section=&#8221;no&#8221; type=&#8221;full_width&#8221; angled_section=&#8221;no&#8221; text_align=&#8221;left&#8221; background_image_as_pattern=&#8221;without_pattern&#8221; css_animation=&#8221;&#8221;][vc_column][vc_separator type=&#8221;transparent&#8221; up=&#8221;50&#8243;][\/vc_column][\/vc_row]<\/p>","protected":false},"excerpt":{"rendered":"<p>[vc_row row_type=&#8221;row&#8221; use_row_as_full_screen_section=&#8221;no&#8221; type=&#8221;full_width&#8221; angled_section=&#8221;no&#8221; text_align=&#8221;left&#8221; background_image_as_pattern=&#8221;without_pattern&#8221; css_animation=&#8221;&#8221;][vc_column][vc_column_text] USO DE COOKIES Y DEL FICHERO DE ACTIVIDAD El sitio web www.m-eva.es utiliza cookies propias y de terceros para recopilar informaci\u00f3n que ayuda a optimizar su visita a sus p\u00e1ginas web. No se utilizar\u00e1n las cookies para&#8230;<\/p>\n","protected":false},"author":2,"featured_media":0,"parent":0,"menu_order":0,"comment_status":"closed","ping_status":"closed","template":"","meta":[],"yoast_head":"<!-- This site is optimized with the Yoast SEO plugin v19.14 - https:\/\/yoast.com\/wordpress\/plugins\/seo\/ -->\n<title>Ley de Cookies | eVa G\u00f3mez Coloma<\/title>\n<meta name=\"robots\" content=\"index, follow, max-snippet:-1, max-image-preview:large, max-video-preview:-1\" \/>\n<link rel=\"canonical\" href=\"https:\/\/m-eva.es\/ley-de-cookies\/\" \/>\n<meta property=\"og:locale\" content=\"en_US\" \/>\n<meta property=\"og:type\" content=\"article\" \/>\n<meta property=\"og:title\" content=\"Ley de Cookies | eVa G\u00f3mez Coloma\" \/>\n<meta property=\"og:description\" content=\"[vc_row row_type=&#8221;row&#8221; use_row_as_full_screen_section=&#8221;no&#8221; type=&#8221;full_width&#8221; angled_section=&#8221;no&#8221; text_align=&#8221;left&#8221; background_image_as_pattern=&#8221;without_pattern&#8221; css_animation=&#8221;&#8221;][vc_column][vc_column_text] USO DE COOKIES Y DEL FICHERO DE ACTIVIDAD El sitio web www.m-eva.es utiliza cookies propias y de terceros para recopilar informaci\u00f3n que ayuda a optimizar su visita a sus p\u00e1ginas web. No se utilizar\u00e1n las cookies para...\" \/>\n<meta property=\"og:url\" content=\"https:\/\/m-eva.es\/ley-de-cookies\/\" \/>\n<meta property=\"og:site_name\" content=\"eVa G\u00f3mez Coloma\" \/>\n<meta property=\"article:modified_time\" content=\"2019-10-10T10:56:58+00:00\" \/>\n<meta name=\"twitter:card\" content=\"summary_large_image\" \/>\n<meta name=\"twitter:site\" content=\"@eVa_kts\" \/>\n<meta name=\"twitter:label1\" content=\"Est. reading time\" \/>\n\t<meta name=\"twitter:data1\" content=\"15 minutes\" \/>\n<script type=\"application\/ld+json\" class=\"yoast-schema-graph\">{\"@context\":\"https:\/\/schema.org\",\"@graph\":[{\"@type\":\"WebPage\",\"@id\":\"https:\/\/m-eva.es\/ley-de-cookies\/\",\"url\":\"https:\/\/m-eva.es\/ley-de-cookies\/\",\"name\":\"Ley de Cookies | eVa G\u00f3mez Coloma\",\"isPartOf\":{\"@id\":\"https:\/\/m-eva.es\/#website\"},\"datePublished\":\"2018-07-11T16:26:05+00:00\",\"dateModified\":\"2019-10-10T10:56:58+00:00\",\"breadcrumb\":{\"@id\":\"https:\/\/m-eva.es\/ley-de-cookies\/#breadcrumb\"},\"inLanguage\":\"en-US\",\"potentialAction\":[{\"@type\":\"ReadAction\",\"target\":[\"https:\/\/m-eva.es\/ley-de-cookies\/\"]}]},{\"@type\":\"BreadcrumbList\",\"@id\":\"https:\/\/m-eva.es\/ley-de-cookies\/#breadcrumb\",\"itemListElement\":[{\"@type\":\"ListItem\",\"position\":1,\"name\":\"Portada\",\"item\":\"https:\/\/m-eva.es\/\"},{\"@type\":\"ListItem\",\"position\":2,\"name\":\"Ley de cookies\"}]},{\"@type\":\"WebSite\",\"@id\":\"https:\/\/m-eva.es\/#website\",\"url\":\"https:\/\/m-eva.es\/\",\"name\":\"eVa G\u00f3mez Coloma\",\"description\":\"dise\u00f1o marketing psicolog\u00eda\",\"publisher\":{\"@id\":\"https:\/\/m-eva.es\/#organization\"},\"potentialAction\":[{\"@type\":\"SearchAction\",\"target\":{\"@type\":\"EntryPoint\",\"urlTemplate\":\"https:\/\/m-eva.es\/?s={search_term_string}\"},\"query-input\":\"required name=search_term_string\"}],\"inLanguage\":\"en-US\"},{\"@type\":\"Organization\",\"@id\":\"https:\/\/m-eva.es\/#organization\",\"name\":\"eVa G\u00f3mez Coloma\",\"url\":\"https:\/\/m-eva.es\/\",\"logo\":{\"@type\":\"ImageObject\",\"inLanguage\":\"en-US\",\"@id\":\"https:\/\/m-eva.es\/#\/schema\/logo\/image\/\",\"url\":\"https:\/\/m-eva.es\/wp-content\/uploads\/2016\/12\/logo-eva-40.png\",\"contentUrl\":\"https:\/\/m-eva.es\/wp-content\/uploads\/2016\/12\/logo-eva-40.png\",\"width\":88,\"height\":40,\"caption\":\"eVa G\u00f3mez Coloma\"},\"image\":{\"@id\":\"https:\/\/m-eva.es\/#\/schema\/logo\/image\/\"},\"sameAs\":[\"https:\/\/www.instagram.com\/eva_kts\/?hl=es\",\"https:\/\/www.linkedin.com\/in\/evagomezcoloma\/\",\"https:\/\/www.pinterest.es\/eVafsh\/\",\"https:\/\/twitter.com\/eVa_kts\"]}]}<\/script>\n<!-- \/ Yoast SEO plugin. -->","yoast_head_json":{"title":"Ley de Cookies | eVa G\u00f3mez Coloma","robots":{"index":"index","follow":"follow","max-snippet":"max-snippet:-1","max-image-preview":"max-image-preview:large","max-video-preview":"max-video-preview:-1"},"canonical":"https:\/\/m-eva.es\/ley-de-cookies\/","og_locale":"en_US","og_type":"article","og_title":"Ley de Cookies | eVa G\u00f3mez Coloma","og_description":"[vc_row row_type=&#8221;row&#8221; use_row_as_full_screen_section=&#8221;no&#8221; type=&#8221;full_width&#8221; angled_section=&#8221;no&#8221; text_align=&#8221;left&#8221; background_image_as_pattern=&#8221;without_pattern&#8221; css_animation=&#8221;&#8221;][vc_column][vc_column_text] USO DE COOKIES Y DEL FICHERO DE ACTIVIDAD El sitio web www.m-eva.es utiliza cookies propias y de terceros para recopilar informaci\u00f3n que ayuda a optimizar su visita a sus p\u00e1ginas web. No se utilizar\u00e1n las cookies para...","og_url":"https:\/\/m-eva.es\/ley-de-cookies\/","og_site_name":"eVa G\u00f3mez Coloma","article_modified_time":"2019-10-10T10:56:58+00:00","twitter_card":"summary_large_image","twitter_site":"@eVa_kts","twitter_misc":{"Est. reading time":"15 minutes"},"schema":{"@context":"https:\/\/schema.org","@graph":[{"@type":"WebPage","@id":"https:\/\/m-eva.es\/ley-de-cookies\/","url":"https:\/\/m-eva.es\/ley-de-cookies\/","name":"Ley de Cookies | eVa G\u00f3mez Coloma","isPartOf":{"@id":"https:\/\/m-eva.es\/#website"},"datePublished":"2018-07-11T16:26:05+00:00","dateModified":"2019-10-10T10:56:58+00:00","breadcrumb":{"@id":"https:\/\/m-eva.es\/ley-de-cookies\/#breadcrumb"},"inLanguage":"en-US","potentialAction":[{"@type":"ReadAction","target":["https:\/\/m-eva.es\/ley-de-cookies\/"]}]},{"@type":"BreadcrumbList","@id":"https:\/\/m-eva.es\/ley-de-cookies\/#breadcrumb","itemListElement":[{"@type":"ListItem","position":1,"name":"Portada","item":"https:\/\/m-eva.es\/"},{"@type":"ListItem","position":2,"name":"Ley de cookies"}]},{"@type":"WebSite","@id":"https:\/\/m-eva.es\/#website","url":"https:\/\/m-eva.es\/","name":"eVa G\u00f3mez Coloma","description":"dise\u00f1o marketing psicolog\u00eda","publisher":{"@id":"https:\/\/m-eva.es\/#organization"},"potentialAction":[{"@type":"SearchAction","target":{"@type":"EntryPoint","urlTemplate":"https:\/\/m-eva.es\/?s={search_term_string}"},"query-input":"required name=search_term_string"}],"inLanguage":"en-US"},{"@type":"Organization","@id":"https:\/\/m-eva.es\/#organization","name":"eVa G\u00f3mez Coloma","url":"https:\/\/m-eva.es\/","logo":{"@type":"ImageObject","inLanguage":"en-US","@id":"https:\/\/m-eva.es\/#\/schema\/logo\/image\/","url":"https:\/\/m-eva.es\/wp-content\/uploads\/2016\/12\/logo-eva-40.png","contentUrl":"https:\/\/m-eva.es\/wp-content\/uploads\/2016\/12\/logo-eva-40.png","width":88,"height":40,"caption":"eVa G\u00f3mez Coloma"},"image":{"@id":"https:\/\/m-eva.es\/#\/schema\/logo\/image\/"},"sameAs":["https:\/\/www.instagram.com\/eva_kts\/?hl=es","https:\/\/www.linkedin.com\/in\/evagomezcoloma\/","https:\/\/www.pinterest.es\/eVafsh\/","https:\/\/twitter.com\/eVa_kts"]}]}},"_links":{"self":[{"href":"https:\/\/m-eva.es\/en\/wp-json\/wp\/v2\/pages\/16625"}],"collection":[{"href":"https:\/\/m-eva.es\/en\/wp-json\/wp\/v2\/pages"}],"about":[{"href":"https:\/\/m-eva.es\/en\/wp-json\/wp\/v2\/types\/page"}],"author":[{"embeddable":true,"href":"https:\/\/m-eva.es\/en\/wp-json\/wp\/v2\/users\/2"}],"replies":[{"embeddable":true,"href":"https:\/\/m-eva.es\/en\/wp-json\/wp\/v2\/comments?post=16625"}],"version-history":[{"count":11,"href":"https:\/\/m-eva.es\/en\/wp-json\/wp\/v2\/pages\/16625\/revisions"}],"predecessor-version":[{"id":16658,"href":"https:\/\/m-eva.es\/en\/wp-json\/wp\/v2\/pages\/16625\/revisions\/16658"}],"wp:attachment":[{"href":"https:\/\/m-eva.es\/en\/wp-json\/wp\/v2\/media?parent=16625"}],"curies":[{"name":"wp","href":"https:\/\/api.w.org\/{rel}","templated":true}]}}