{"id":16326,"date":"2016-12-29T09:56:33","date_gmt":"2016-12-29T09:56:33","guid":{"rendered":"http:\/\/www.m-eva.es\/?page_id=16326"},"modified":"2016-12-29T09:56:33","modified_gmt":"2016-12-29T09:56:33","slug":"eva","status":"publish","type":"page","link":"https:\/\/m-eva.es\/en\/eva\/","title":{"rendered":"eva"},"content":{"rendered":"<p>[vc_row row_type=&#8221;row&#8221; use_row_as_full_screen_section=&#8221;no&#8221; type=&#8221;full_width&#8221; angled_section=&#8221;no&#8221; text_align=&#8221;left&#8221; background_image_as_pattern=&#8221;without_pattern&#8221; css_animation=&#8221;&#8221;][vc_column][vc_column_text]<\/p>\n<p>[\/vc_column_text][\/vc_column][\/vc_row][vc_row row_type=&#8221;row&#8221; use_row_as_full_screen_section=&#8221;no&#8221; type=&#8221;grid&#8221; angled_section=&#8221;no&#8221; text_align=&#8221;left&#8221; background_image_as_pattern=&#8221;without_pattern&#8221; background_color=&#8221;#ebf9d9&#8243; padding_top=&#8221;78&#8243; padding_bottom=&#8221;48&#8243; css_animation=&#8221;&#8221;][vc_column][vc_column_text]<\/p>\n<p>TRABAJOS RECIENTES<\/p>\n<p>[\/vc_column_text][vc_separator type=&#8221;small&#8221; position=&#8221;center&#8221; up=&#8221;24&#8243; down=&#8221;24&#8243;][vc_column_text]<\/p>\n<p>Te presento una selecci\u00f3n de los \u00faltimos proyectos que he desarrollado<\/p>\n<p>[\/vc_column_text][vc_separator type=&#8221;transparent&#8221; down=&#8221;30&#8243;][\/vc_column][\/vc_row][vc_row row_type=&#8221;row&#8221; use_row_as_full_screen_section=&#8221;no&#8221; type=&#8221;full_width&#8221; angled_section=&#8221;no&#8221; text_align=&#8221;left&#8221; background_image_as_pattern=&#8221;without_pattern&#8221; background_color=&#8221;#ebf9d9&#8243; css_animation=&#8221;&#8221;][vc_column width=&#8221;1\/12&#8243;][\/vc_column][vc_column width=&#8221;10\/12&#8243;]<div class='projects_holder_outer v3 portfolio_with_space portfolio_standard '><div class='projects_holder portfolio_main_holder clearfix v3 standard portfolio_full_image '>\n<article class='mix portfolio_category_98 portfolio_category_83 ' style=''><div class='image_holder'><a class='portfolio_link_for_touch' href='https:\/\/m-eva.es\/en\/portfolio_page\/diseno-materiales-zywica\/' target='_self'><span class='image'><img width=\"1100\" height=\"645\" src=\"https:\/\/m-eva.es\/wp-content\/uploads\/2022\/05\/Zywica-material-overstone-2.jpg\" class=\"attachment-full size-full wp-post-image\" alt=\"\" decoding=\"async\" loading=\"lazy\" srcset=\"https:\/\/m-eva.es\/wp-content\/uploads\/2022\/05\/Zywica-material-overstone-2.jpg 1100w, https:\/\/m-eva.es\/wp-content\/uploads\/2022\/05\/Zywica-material-overstone-2-300x176.jpg 300w, https:\/\/m-eva.es\/wp-content\/uploads\/2022\/05\/Zywica-material-overstone-2-1024x600.jpg 1024w, https:\/\/m-eva.es\/wp-content\/uploads\/2022\/05\/Zywica-material-overstone-2-768x450.jpg 768w, https:\/\/m-eva.es\/wp-content\/uploads\/2022\/05\/Zywica-material-overstone-2-700x410.jpg 700w\" sizes=\"(max-width: 1100px) 100vw, 1100px\" \/><\/span><\/a><span class='text_holder'><span class='text_outer'><span class='text_inner'><span class='feature_holder'><span class=\"feature_holder_icons\"><a class='lightbox qbutton small white' title='DESIGN NEW MATERIALS Zywica by Overstone' href='https:\/\/m-eva.es\/wp-content\/uploads\/2022\/05\/Zywica-material-overstone-2.jpg' data-rel='prettyPhoto[pretty_photo_gallery]'>zoom<\/a><a class='preview qbutton small white' href='https:\/\/m-eva.es\/en\/portfolio_page\/diseno-materiales-zywica\/' target='_self'>ver<\/a><\/span><\/span><\/span><\/span><\/span><\/div><div class='portfolio_description '><h5 class=\"portfolio_title\"><a href=\"https:\/\/m-eva.es\/en\/portfolio_page\/diseno-materiales-zywica\/\"  target=\"_self\">DESIGN NEW MATERIALS Zywica by Overstone<\/a><\/h5><span class=\"project_category\" >Graphic Design, Marketing<\/span><\/div><\/article>\n<article class='mix portfolio_category_98 portfolio_category_83 ' style=''><div class='image_holder'><a class='portfolio_link_for_touch' href='https:\/\/m-eva.es\/en\/portfolio_page\/diseno-web-10me\/' target='_self'><span class='image'><img width=\"1100\" height=\"645\" src=\"https:\/\/m-eva.es\/wp-content\/uploads\/2022\/05\/Web-10me-1.jpg\" class=\"attachment-full size-full wp-post-image\" alt=\"\" decoding=\"async\" loading=\"lazy\" srcset=\"https:\/\/m-eva.es\/wp-content\/uploads\/2022\/05\/Web-10me-1.jpg 1100w, https:\/\/m-eva.es\/wp-content\/uploads\/2022\/05\/Web-10me-1-300x176.jpg 300w, https:\/\/m-eva.es\/wp-content\/uploads\/2022\/05\/Web-10me-1-1024x600.jpg 1024w, https:\/\/m-eva.es\/wp-content\/uploads\/2022\/05\/Web-10me-1-768x450.jpg 768w, https:\/\/m-eva.es\/wp-content\/uploads\/2022\/05\/Web-10me-1-700x410.jpg 700w\" sizes=\"(max-width: 1100px) 100vw, 1100px\" \/><\/span><\/a><span class='text_holder'><span class='text_outer'><span class='text_inner'><span class='feature_holder'><span class=\"feature_holder_icons\"><a class='lightbox qbutton small white' title='WEB DESIGN 10&#038;me' href='https:\/\/m-eva.es\/wp-content\/uploads\/2022\/05\/Web-10me-1.jpg' data-rel='prettyPhoto[pretty_photo_gallery]'>zoom<\/a><a class='preview qbutton small white' href='https:\/\/m-eva.es\/en\/portfolio_page\/diseno-web-10me\/' target='_self'>ver<\/a><\/span><\/span><\/span><\/span><\/span><\/div><div class='portfolio_description '><h5 class=\"portfolio_title\"><a href=\"https:\/\/m-eva.es\/en\/portfolio_page\/diseno-web-10me\/\"  target=\"_self\">WEB DESIGN 10&#038;me<\/a><\/h5><span class=\"project_category\" >Graphic Design, Marketing<\/span><\/div><\/article>\n<article class='mix portfolio_category_98 portfolio_category_83 ' style=''><div class='image_holder'><a class='portfolio_link_for_touch' href='https:\/\/m-eva.es\/en\/portfolio_page\/branding-oriol-watteria\/' target='_self'><span class='image'><img width=\"1110\" height=\"645\" src=\"https:\/\/m-eva.es\/wp-content\/uploads\/2022\/05\/Branding-Oriol-Watteria-5.jpg\" class=\"attachment-full size-full wp-post-image\" alt=\"\" decoding=\"async\" loading=\"lazy\" srcset=\"https:\/\/m-eva.es\/wp-content\/uploads\/2022\/05\/Branding-Oriol-Watteria-5.jpg 1110w, https:\/\/m-eva.es\/wp-content\/uploads\/2022\/05\/Branding-Oriol-Watteria-5-300x174.jpg 300w, https:\/\/m-eva.es\/wp-content\/uploads\/2022\/05\/Branding-Oriol-Watteria-5-1024x595.jpg 1024w, https:\/\/m-eva.es\/wp-content\/uploads\/2022\/05\/Branding-Oriol-Watteria-5-768x446.jpg 768w, https:\/\/m-eva.es\/wp-content\/uploads\/2022\/05\/Branding-Oriol-Watteria-5-700x407.jpg 700w\" sizes=\"(max-width: 1110px) 100vw, 1110px\" \/><\/span><\/a><span class='text_holder'><span class='text_outer'><span class='text_inner'><span class='feature_holder'><span class=\"feature_holder_icons\"><a class='lightbox qbutton small white' title='BRANDING Oriol Watteria' href='https:\/\/m-eva.es\/wp-content\/uploads\/2022\/05\/Branding-Oriol-Watteria-5.jpg' data-rel='prettyPhoto[pretty_photo_gallery]'>zoom<\/a><a class='preview qbutton small white' href='https:\/\/m-eva.es\/en\/portfolio_page\/branding-oriol-watteria\/' target='_self'>ver<\/a><\/span><\/span><\/span><\/span><\/span><\/div><div class='portfolio_description '><h5 class=\"portfolio_title\"><a href=\"https:\/\/m-eva.es\/en\/portfolio_page\/branding-oriol-watteria\/\"  target=\"_self\">BRANDING Oriol Watteria<\/a><\/h5><span class=\"project_category\" >Graphic Design, Marketing<\/span><\/div><\/article>\n<div class='filler'><\/div>\n<div class='filler'><\/div>\n<div class='filler'><\/div>\n<\/div><\/div>[\/vc_column][vc_column width=&#8221;1\/12&#8243;][\/vc_column][\/vc_row][vc_row row_type=&#8221;row&#8221; use_row_as_full_screen_section=&#8221;no&#8221; type=&#8221;full_width&#8221; angled_section=&#8221;no&#8221; text_align=&#8221;left&#8221; background_image_as_pattern=&#8221;without_pattern&#8221; background_color=&#8221;#ebf9d9&#8243; css_animation=&#8221;&#8221;][vc_column][vc_separator type=&#8221;transparent&#8221; up=&#8221;50&#8243;][\/vc_column][\/vc_row][vc_row row_type=&#8221;row&#8221; use_row_as_full_screen_section=&#8221;no&#8221; type=&#8221;grid&#8221; angled_section=&#8221;no&#8221; text_align=&#8221;left&#8221; background_image_as_pattern=&#8221;without_pattern&#8221; background_color=&#8221;#ffffff&#8221; padding_top=&#8221;95&#8243; padding_bottom=&#8221;34&#8243; css_animation=&#8221;&#8221;][vc_column width=&#8221;1\/3&#8243;]<div class='q_icon_with_title medium circle center'><div class=\"icon_holder \" style=\"margin: 0 0 28px 0; \"><a href=\"https:\/\/www.m-eva.es\/about\/\" target=\"\" class=\"q_icon_link\"><span data-icon-type=\"circle\" data-icon-hover-color=\"#006838\" data-icon-hover-bg-color=\"#a5af98\" class=\"qode_iwt_icon_holder fa-stack fa-3x \" style=\"font-size: 45px;border-color: #006838;background-color: #ebf9d9;\"><i class=\"qode_icon_font_awesome fa fa-camera-retro qode_iwt_icon_element\" style=\"color: #006838;\" ><\/i><\/span><\/a><\/div><div class=\"icon_text_holder\" style=\"\"><div class=\"icon_text_inner\" style=\"\"><h3 class=\"icon_title\" style=\"\">ABOUT<\/h3><p style=''>Dise\u00f1adora, product manager y psic\u00f3loga social<\/p><a class='icon_with_title_link' href='https:\/\/www.m-eva.es\/about\/' target='_self' style='color: #006838;'>Leer m\u00e1s<\/a><\/div><\/div><\/div>[vc_separator type=&#8221;transparent&#8221; up=&#8221;37&#8243; down=&#8221;0&#8243;][\/vc_column][vc_column width=&#8221;1\/3&#8243;]<div class='q_icon_with_title medium circle center'><div class=\"icon_holder \" style=\"margin: 0 0 28px 0; \"><a href=\"https:\/\/www.m-eva.es\/servicios\/\" target=\"\" class=\"q_icon_link\"><span data-icon-type=\"circle\" data-icon-hover-color=\"#006838\" data-icon-hover-bg-color=\"#a5af98\" class=\"qode_iwt_icon_holder fa-stack fa-3x \" style=\"font-size: 45px;border-color: #006838;background-color: #ebf9d9;\"><i class=\"qode_icon_font_awesome fa fa-pencil qode_iwt_icon_element\" style=\"color: #006838;\" ><\/i><\/span><\/a><\/div><div class=\"icon_text_holder\" style=\"\"><div class=\"icon_text_inner\" style=\"\"><h3 class=\"icon_title\" style=\"\">\u00bfEN QU\u00c9 PUEDO AYUDARTE?<\/h3><p style=''>Dise\u00f1o productos textiles y asesoro en desarrollo de producto y estrategia de marketing<\/p><a class='icon_with_title_link' href='https:\/\/www.m-eva.es\/servicios\/' target='_self' style='color: #006838;'>Leer m\u00e1s<\/a><\/div><\/div><\/div>[vc_separator type=&#8221;transparent&#8221; up=&#8221;37&#8243; down=&#8221;0&#8243;][\/vc_column][vc_column width=&#8221;1\/3&#8243;]<div class='q_icon_with_title medium circle center'><div class=\"icon_holder \" style=\"margin: 0 0 28px 0; \"><a href=\"https:\/\/www.m-eva.es\/contacto\/\" target=\"\" class=\"q_icon_link\"><span data-icon-type=\"circle\" data-icon-hover-color=\"#006838\" data-icon-hover-bg-color=\"#a5af98\" class=\"qode_iwt_icon_holder fa-stack fa-3x \" style=\"font-size: 45px;border-color: #006838;background-color: #ebf9d9;\"><i class=\"qode_icon_font_awesome fa fa-envelope-o qode_iwt_icon_element\" style=\"color: #006838;\" ><\/i><\/span><\/a><\/div><div class=\"icon_text_holder\" style=\"\"><div class=\"icon_text_inner\" style=\"\"><h3 class=\"icon_title\" style=\"\">CONTACTO<\/h3><p style=''>Me encontrar\u00e1s en Barcelona<\/p><a class='icon_with_title_link' href='https:\/\/www.m-eva.es\/contacto\/' target='_self' style='color: #006838;'>Leer m\u00e1s<\/a><\/div><\/div><\/div>[vc_separator type=&#8221;transparent&#8221; up=&#8221;37&#8243; down=&#8221;0&#8243;][\/vc_column][\/vc_row]<\/p>\n","protected":false},"excerpt":{"rendered":"<p>[vc_row row_type=&#8221;row&#8221; use_row_as_full_screen_section=&#8221;no&#8221; type=&#8221;full_width&#8221; angled_section=&#8221;no&#8221; text_align=&#8221;left&#8221; background_image_as_pattern=&#8221;without_pattern&#8221; css_animation=&#8221;&#8221;][vc_column][vc_column_text] [\/vc_column_text][\/vc_column][\/vc_row][vc_row row_type=&#8221;row&#8221; use_row_as_full_screen_section=&#8221;no&#8221; type=&#8221;grid&#8221; angled_section=&#8221;no&#8221; text_align=&#8221;left&#8221; background_image_as_pattern=&#8221;without_pattern&#8221; background_color=&#8221;#ebf9d9&#8243; padding_top=&#8221;78&#8243; padding_bottom=&#8221;48&#8243; css_animation=&#8221;&#8221;][vc_column][vc_column_text] TRABAJOS RECIENTES [\/vc_column_text][vc_separator type=&#8221;small&#8221; position=&#8221;center&#8221; up=&#8221;24&#8243; down=&#8221;24&#8243;][vc_column_text] Te presento una selecci\u00f3n de los \u00faltimos proyectos que he desarrollado [\/vc_column_text][vc_separator type=&#8221;transparent&#8221; down=&#8221;30&#8243;][\/vc_column][\/vc_row][vc_row row_type=&#8221;row&#8221; use_row_as_full_screen_section=&#8221;no&#8221; type=&#8221;full_width&#8221; angled_section=&#8221;no&#8221; text_align=&#8221;left&#8221;&#8230;<\/p>\n","protected":false},"author":1,"featured_media":0,"parent":0,"menu_order":0,"comment_status":"closed","ping_status":"closed","template":"","meta":[],"yoast_head":"<!-- This site is optimized with the Yoast SEO plugin v19.14 - https:\/\/yoast.com\/wordpress\/plugins\/seo\/ -->\n<title>eva | eVa G\u00f3mez Coloma<\/title>\n<meta name=\"robots\" content=\"index, follow, max-snippet:-1, max-image-preview:large, max-video-preview:-1\" \/>\n<link rel=\"canonical\" href=\"https:\/\/m-eva.es\/eva\/\" \/>\n<meta property=\"og:locale\" content=\"en_US\" \/>\n<meta property=\"og:type\" content=\"article\" \/>\n<meta property=\"og:title\" content=\"eva | eVa G\u00f3mez Coloma\" \/>\n<meta property=\"og:description\" content=\"[vc_row row_type=&#8221;row&#8221; use_row_as_full_screen_section=&#8221;no&#8221; type=&#8221;full_width&#8221; angled_section=&#8221;no&#8221; text_align=&#8221;left&#8221; background_image_as_pattern=&#8221;without_pattern&#8221; css_animation=&#8221;&#8221;][vc_column][vc_column_text] [\/vc_column_text][\/vc_column][\/vc_row][vc_row row_type=&#8221;row&#8221; use_row_as_full_screen_section=&#8221;no&#8221; type=&#8221;grid&#8221; angled_section=&#8221;no&#8221; text_align=&#8221;left&#8221; background_image_as_pattern=&#8221;without_pattern&#8221; background_color=&#8221;#ebf9d9&#8243; padding_top=&#8221;78&#8243; padding_bottom=&#8221;48&#8243; css_animation=&#8221;&#8221;][vc_column][vc_column_text] TRABAJOS RECIENTES [\/vc_column_text][vc_separator type=&#8221;small&#8221; position=&#8221;center&#8221; up=&#8221;24&#8243; down=&#8221;24&#8243;][vc_column_text] Te presento una selecci\u00f3n de los \u00faltimos proyectos que he desarrollado [\/vc_column_text][vc_separator type=&#8221;transparent&#8221; down=&#8221;30&#8243;][\/vc_column][\/vc_row][vc_row row_type=&#8221;row&#8221; use_row_as_full_screen_section=&#8221;no&#8221; type=&#8221;full_width&#8221; angled_section=&#8221;no&#8221; text_align=&#8221;left&#8221;...\" \/>\n<meta property=\"og:url\" content=\"https:\/\/m-eva.es\/eva\/\" \/>\n<meta property=\"og:site_name\" content=\"eVa G\u00f3mez Coloma\" \/>\n<meta name=\"twitter:card\" content=\"summary_large_image\" \/>\n<meta name=\"twitter:site\" content=\"@eVa_kts\" \/>\n<meta name=\"twitter:label1\" content=\"Est. reading time\" \/>\n\t<meta name=\"twitter:data1\" content=\"3 minutes\" \/>\n<script type=\"application\/ld+json\" class=\"yoast-schema-graph\">{\"@context\":\"https:\/\/schema.org\",\"@graph\":[{\"@type\":\"WebPage\",\"@id\":\"https:\/\/m-eva.es\/eva\/\",\"url\":\"https:\/\/m-eva.es\/eva\/\",\"name\":\"eva | eVa G\u00f3mez Coloma\",\"isPartOf\":{\"@id\":\"https:\/\/m-eva.es\/#website\"},\"datePublished\":\"2016-12-29T09:56:33+00:00\",\"dateModified\":\"2016-12-29T09:56:33+00:00\",\"breadcrumb\":{\"@id\":\"https:\/\/m-eva.es\/eva\/#breadcrumb\"},\"inLanguage\":\"en-US\",\"potentialAction\":[{\"@type\":\"ReadAction\",\"target\":[\"https:\/\/m-eva.es\/eva\/\"]}]},{\"@type\":\"BreadcrumbList\",\"@id\":\"https:\/\/m-eva.es\/eva\/#breadcrumb\",\"itemListElement\":[{\"@type\":\"ListItem\",\"position\":1,\"name\":\"Portada\",\"item\":\"https:\/\/m-eva.es\/\"},{\"@type\":\"ListItem\",\"position\":2,\"name\":\"eva\"}]},{\"@type\":\"WebSite\",\"@id\":\"https:\/\/m-eva.es\/#website\",\"url\":\"https:\/\/m-eva.es\/\",\"name\":\"eVa G\u00f3mez Coloma\",\"description\":\"dise\u00f1o marketing psicolog\u00eda\",\"publisher\":{\"@id\":\"https:\/\/m-eva.es\/#organization\"},\"potentialAction\":[{\"@type\":\"SearchAction\",\"target\":{\"@type\":\"EntryPoint\",\"urlTemplate\":\"https:\/\/m-eva.es\/?s={search_term_string}\"},\"query-input\":\"required name=search_term_string\"}],\"inLanguage\":\"en-US\"},{\"@type\":\"Organization\",\"@id\":\"https:\/\/m-eva.es\/#organization\",\"name\":\"eVa G\u00f3mez Coloma\",\"url\":\"https:\/\/m-eva.es\/\",\"logo\":{\"@type\":\"ImageObject\",\"inLanguage\":\"en-US\",\"@id\":\"https:\/\/m-eva.es\/#\/schema\/logo\/image\/\",\"url\":\"https:\/\/m-eva.es\/wp-content\/uploads\/2016\/12\/logo-eva-40.png\",\"contentUrl\":\"https:\/\/m-eva.es\/wp-content\/uploads\/2016\/12\/logo-eva-40.png\",\"width\":88,\"height\":40,\"caption\":\"eVa G\u00f3mez Coloma\"},\"image\":{\"@id\":\"https:\/\/m-eva.es\/#\/schema\/logo\/image\/\"},\"sameAs\":[\"https:\/\/www.instagram.com\/eva_kts\/?hl=es\",\"https:\/\/www.linkedin.com\/in\/evagomezcoloma\/\",\"https:\/\/www.pinterest.es\/eVafsh\/\",\"https:\/\/twitter.com\/eVa_kts\"]}]}<\/script>\n<!-- \/ Yoast SEO plugin. -->","yoast_head_json":{"title":"eva | eVa G\u00f3mez Coloma","robots":{"index":"index","follow":"follow","max-snippet":"max-snippet:-1","max-image-preview":"max-image-preview:large","max-video-preview":"max-video-preview:-1"},"canonical":"https:\/\/m-eva.es\/eva\/","og_locale":"en_US","og_type":"article","og_title":"eva | eVa G\u00f3mez Coloma","og_description":"[vc_row row_type=&#8221;row&#8221; use_row_as_full_screen_section=&#8221;no&#8221; type=&#8221;full_width&#8221; angled_section=&#8221;no&#8221; text_align=&#8221;left&#8221; background_image_as_pattern=&#8221;without_pattern&#8221; css_animation=&#8221;&#8221;][vc_column][vc_column_text] [\/vc_column_text][\/vc_column][\/vc_row][vc_row row_type=&#8221;row&#8221; use_row_as_full_screen_section=&#8221;no&#8221; type=&#8221;grid&#8221; angled_section=&#8221;no&#8221; text_align=&#8221;left&#8221; background_image_as_pattern=&#8221;without_pattern&#8221; background_color=&#8221;#ebf9d9&#8243; padding_top=&#8221;78&#8243; padding_bottom=&#8221;48&#8243; css_animation=&#8221;&#8221;][vc_column][vc_column_text] TRABAJOS RECIENTES [\/vc_column_text][vc_separator type=&#8221;small&#8221; position=&#8221;center&#8221; up=&#8221;24&#8243; down=&#8221;24&#8243;][vc_column_text] Te presento una selecci\u00f3n de los \u00faltimos proyectos que he desarrollado [\/vc_column_text][vc_separator type=&#8221;transparent&#8221; down=&#8221;30&#8243;][\/vc_column][\/vc_row][vc_row row_type=&#8221;row&#8221; use_row_as_full_screen_section=&#8221;no&#8221; type=&#8221;full_width&#8221; angled_section=&#8221;no&#8221; text_align=&#8221;left&#8221;...","og_url":"https:\/\/m-eva.es\/eva\/","og_site_name":"eVa G\u00f3mez Coloma","twitter_card":"summary_large_image","twitter_site":"@eVa_kts","twitter_misc":{"Est. reading time":"3 minutes"},"schema":{"@context":"https:\/\/schema.org","@graph":[{"@type":"WebPage","@id":"https:\/\/m-eva.es\/eva\/","url":"https:\/\/m-eva.es\/eva\/","name":"eva | eVa G\u00f3mez Coloma","isPartOf":{"@id":"https:\/\/m-eva.es\/#website"},"datePublished":"2016-12-29T09:56:33+00:00","dateModified":"2016-12-29T09:56:33+00:00","breadcrumb":{"@id":"https:\/\/m-eva.es\/eva\/#breadcrumb"},"inLanguage":"en-US","potentialAction":[{"@type":"ReadAction","target":["https:\/\/m-eva.es\/eva\/"]}]},{"@type":"BreadcrumbList","@id":"https:\/\/m-eva.es\/eva\/#breadcrumb","itemListElement":[{"@type":"ListItem","position":1,"name":"Portada","item":"https:\/\/m-eva.es\/"},{"@type":"ListItem","position":2,"name":"eva"}]},{"@type":"WebSite","@id":"https:\/\/m-eva.es\/#website","url":"https:\/\/m-eva.es\/","name":"eVa G\u00f3mez Coloma","description":"dise\u00f1o marketing psicolog\u00eda","publisher":{"@id":"https:\/\/m-eva.es\/#organization"},"potentialAction":[{"@type":"SearchAction","target":{"@type":"EntryPoint","urlTemplate":"https:\/\/m-eva.es\/?s={search_term_string}"},"query-input":"required name=search_term_string"}],"inLanguage":"en-US"},{"@type":"Organization","@id":"https:\/\/m-eva.es\/#organization","name":"eVa G\u00f3mez Coloma","url":"https:\/\/m-eva.es\/","logo":{"@type":"ImageObject","inLanguage":"en-US","@id":"https:\/\/m-eva.es\/#\/schema\/logo\/image\/","url":"https:\/\/m-eva.es\/wp-content\/uploads\/2016\/12\/logo-eva-40.png","contentUrl":"https:\/\/m-eva.es\/wp-content\/uploads\/2016\/12\/logo-eva-40.png","width":88,"height":40,"caption":"eVa G\u00f3mez Coloma"},"image":{"@id":"https:\/\/m-eva.es\/#\/schema\/logo\/image\/"},"sameAs":["https:\/\/www.instagram.com\/eva_kts\/?hl=es","https:\/\/www.linkedin.com\/in\/evagomezcoloma\/","https:\/\/www.pinterest.es\/eVafsh\/","https:\/\/twitter.com\/eVa_kts"]}]}},"_links":{"self":[{"href":"https:\/\/m-eva.es\/en\/wp-json\/wp\/v2\/pages\/16326"}],"collection":[{"href":"https:\/\/m-eva.es\/en\/wp-json\/wp\/v2\/pages"}],"about":[{"href":"https:\/\/m-eva.es\/en\/wp-json\/wp\/v2\/types\/page"}],"author":[{"embeddable":true,"href":"https:\/\/m-eva.es\/en\/wp-json\/wp\/v2\/users\/1"}],"replies":[{"embeddable":true,"href":"https:\/\/m-eva.es\/en\/wp-json\/wp\/v2\/comments?post=16326"}],"version-history":[{"count":1,"href":"https:\/\/m-eva.es\/en\/wp-json\/wp\/v2\/pages\/16326\/revisions"}],"predecessor-version":[{"id":16327,"href":"https:\/\/m-eva.es\/en\/wp-json\/wp\/v2\/pages\/16326\/revisions\/16327"}],"wp:attachment":[{"href":"https:\/\/m-eva.es\/en\/wp-json\/wp\/v2\/media?parent=16326"}],"curies":[{"name":"wp","href":"https:\/\/api.w.org\/{rel}","templated":true}]}}