{"id":16243,"date":"2016-12-14T11:33:39","date_gmt":"2016-12-14T11:33:39","guid":{"rendered":"http:\/\/www.m-eva.es\/?page_id=16243"},"modified":"2017-03-29T07:03:33","modified_gmt":"2017-03-29T07:03:33","slug":"la-mirada-multiple-de-la-creatividad","status":"publish","type":"page","link":"https:\/\/m-eva.es\/en\/la-mirada-multiple-de-la-creatividad\/","title":{"rendered":"The manifold perspective of creativity"},"content":{"rendered":"<p>[vc_row row_type=&#8221;row&#8221; use_row_as_full_screen_section=&#8221;yes&#8221; type=&#8221;full_width&#8221; angled_section=&#8221;no&#8221; text_align=&#8221;left&#8221; background_image_as_pattern=&#8221;without_pattern&#8221; css_animation=&#8221;&#8221; css=&#8221;.vc_custom_1480691942204{margin-right: 0px !important;margin-left: 0px !important;background-color: #ebf9d9 !important;}&#8221;][vc_column][vc_separator type=&#8221;transparent&#8221; down=&#8221;25&#8243;][vc_column_text]<\/p>\n<p style=\"text-align: center; letter-spacing: 1.6px; color: #000;\"><strong>Writing about CREATIVITY means reflecting on the processes, abilities and results of human activity.<\/strong><\/p>\n<p style=\"text-align: center; letter-spacing: 1.6px; color: #000;\"><strong>And above all it means weaving through knowledge of and about PEOPLE.<\/strong><\/p>\n<p>[\/vc_column_text][vc_separator type=&#8221;transparent&#8221; down=&#8221;25&#8243;][\/vc_column][\/vc_row][vc_row row_type=&#8221;row&#8221; use_row_as_full_screen_section=&#8221;no&#8221; type=&#8221;full_width&#8221; angled_section=&#8221;no&#8221; text_align=&#8221;left&#8221; background_image_as_pattern=&#8221;without_pattern&#8221; css_animation=&#8221;&#8221;][vc_column][vc_separator type=&#8221;transparent&#8221; down=&#8221;40&#8243;][\/vc_column][\/vc_row][vc_row row_type=&#8221;row&#8221; use_row_as_full_screen_section=&#8221;no&#8221; type=&#8221;grid&#8221; angled_section=&#8221;no&#8221; text_align=&#8221;left&#8221; background_image_as_pattern=&#8221;without_pattern&#8221; css_animation=&#8221;&#8221;][vc_column]<div class='q_masonry_blog'><article  class='post-16419 post type-post status-publish format-standard has-post-thumbnail hentry category-creatividad category-psicologia tag-creatividad tag-estres tag-estres-positivo tag-eustress '><div class=\"q_masonry_blog_post_image\"><a href=\"https:\/\/m-eva.es\/en\/estres-y-creatividad\/\" target=\"_self\"><img src=\"https:\/\/m-eva.es\/wp-content\/uploads\/2017\/01\/eustress-distress.jpg\" \/><\/a><\/div><div class=\"q_masonry_blog_post_text\"><h5 class=\"q_masonry_blog_title \"><a href=\"https:\/\/m-eva.es\/en\/estres-y-creatividad\/\">Estr\u00e9s y creatividad. \u00bfUn buen t\u00e1ndem?<\/a><\/h5><p class=\"q_masonry_blog_excerpt\">La asociaci\u00f3n del estr\u00e9s con la creatividad nos parece imposible. M\u00e1s que imposible, negativa o inversa. Y no siempre es as\u00ed. Vayamos por partes y desmontemos el mito. OBSERVACI\u00d3N COTIDIANA DEL ESTR\u00c9S A menudo habremos o\u00eddo frases del tipo: \u201cel estr\u00e9s es un mal aliado......<\/p><div class=\"q_masonry_blog_post_info\"><span class=\"time\">15 January, 2017<\/span> \/ <a class=\"post_comments\" href=\"https:\/\/m-eva.es\/en\/estres-y-creatividad\/#respond\">No comment<\/a><\/div><\/div><\/article><article  class='post-16384 post type-post status-publish format-standard has-post-thumbnail hentry category-art category-creatividad category-neurociencia category-psicologia category-psicologia-social '><div class=\"q_masonry_blog_post_image\"><a href=\"https:\/\/m-eva.es\/en\/creatividad-cambio-de-paradigma-o-moda-pasajera\/\" target=\"_self\"><img src=\"https:\/\/m-eva.es\/wp-content\/uploads\/2016\/12\/HOME-1-violeta-e1483124758482.jpg\" \/><\/a><\/div><div class=\"q_masonry_blog_post_text\"><h5 class=\"q_masonry_blog_title \"><a href=\"https:\/\/m-eva.es\/en\/creatividad-cambio-de-paradigma-o-moda-pasajera\/\">CREATIVIDAD: Cambio de paradigma o moda pasajera<\/a><\/h5><p class=\"q_masonry_blog_excerpt\">El pensamiento creativo interesa mucho m\u00e1s ahora que hace 25 a\u00f1os. Tiempo atr\u00e1s, se consideraba que la creatividad s\u00f3lo pertenec\u00eda al \u00e1mbito art\u00edstico y estaba en manos de unos pocos talentosos aunque esta conceptualizaci\u00f3n ha cambiado radicalmente. Veamos c\u00f3mo. &nbsp; Una de mis tareas diarias......<\/p><div class=\"q_masonry_blog_post_info\"><span class=\"time\">01 January, 2017<\/span> \/ <a class=\"post_comments\" href=\"https:\/\/m-eva.es\/en\/creatividad-cambio-de-paradigma-o-moda-pasajera\/#respond\">No comment<\/a><\/div><\/div><\/article><article  class='post-16379 post type-post status-publish format-standard has-post-thumbnail hentry category-aprendizaje category-ciencia category-diseno category-psicologia '><div class=\"q_masonry_blog_post_image\"><a href=\"https:\/\/m-eva.es\/en\/creatividad-ciencia-y-aprendizaje-en-serio-2\/\" target=\"_self\"><img src=\"https:\/\/m-eva.es\/wp-content\/uploads\/2017\/01\/Sobre-la-creatividad.jpg\" \/><\/a><\/div><div class=\"q_masonry_blog_post_text\"><h5 class=\"q_masonry_blog_title \"><a href=\"https:\/\/m-eva.es\/en\/creatividad-ciencia-y-aprendizaje-en-serio-2\/\">\u00bfCREATIVIDAD, CIENCIA Y APRENDIZAJE? En serio&#8230;<\/a><\/h5><p class=\"q_masonry_blog_excerpt\">Uno de los textos m\u00e1s cl\u00e1sicos cuando una se interesa por la creatividad es Sobre la creatividad de David Bohm. Este es un trabajo dif\u00edcil de clasificar. Entre la filosof\u00eda, la sociolog\u00eda de la ciencia, la psicolog\u00eda o el arte, las reflexiones de Bohm son......<\/p><div class=\"q_masonry_blog_post_info\"><span class=\"time\">01 January, 2017<\/span> \/ <a class=\"post_comments\" href=\"https:\/\/m-eva.es\/en\/creatividad-ciencia-y-aprendizaje-en-serio-2\/#respond\">No comment<\/a><\/div><\/div><\/article><article  class='post-16381 post type-post status-publish format-standard has-post-thumbnail hentry category-aprendizaje category-art category-ciencia category-creatividad category-innovacion category-psicologia '><div class=\"q_masonry_blog_post_image\"><a href=\"https:\/\/m-eva.es\/en\/declaracion-de-intenciones\/\" target=\"_self\"><img src=\"https:\/\/m-eva.es\/wp-content\/uploads\/2017\/01\/creatividad-m-eva.jpg\" \/><\/a><\/div><div class=\"q_masonry_blog_post_text\"><h5 class=\"q_masonry_blog_title \"><a href=\"https:\/\/m-eva.es\/en\/declaracion-de-intenciones\/\">DECLARACI\u00d3N DE INTENCIONES<\/a><\/h5><p class=\"q_masonry_blog_excerpt\">Iniciar la aventura de escribir un blog resulta tan sencilla como compleja. Motivaci\u00f3n, disponibilidad, cosas que contar, son parte imprescindible del camino. Pero tambi\u00e9n requiere constancia y estar dispuesto a aprender cada d\u00eda. Por el momento cumplo con los requisitos as\u00ed que s\u00f3lo queda empezar.......<\/p><div class=\"q_masonry_blog_post_info\"><span class=\"time\">01 January, 2017<\/span> \/ <a class=\"post_comments\" href=\"https:\/\/m-eva.es\/en\/declaracion-de-intenciones\/#respond\">No comment<\/a><\/div><\/div><\/article><\/div>[\/vc_column][\/vc_row]<\/p>","protected":false},"excerpt":{"rendered":"<p>[vc_row row_type=&#8221;row&#8221; use_row_as_full_screen_section=&#8221;yes&#8221; type=&#8221;full_width&#8221; angled_section=&#8221;no&#8221; text_align=&#8221;left&#8221; background_image_as_pattern=&#8221;without_pattern&#8221; css_animation=&#8221;&#8221; css=&#8221;.vc_custom_1480691942204{margin-right: 0px !important;margin-left: 0px !important;background-color: #ebf9d9 !important;}&#8221;][vc_column][vc_separator type=&#8221;transparent&#8221; down=&#8221;25&#8243;][vc_column_text] Writing about CREATIVITY means reflecting on the processes, abilities and results of human activity. And above all it means weaving through knowledge of and about PEOPLE. [\/vc_column_text][vc_separator type=&#8221;transparent&#8221;&#8230;<\/p>\n","protected":false},"author":1,"featured_media":0,"parent":0,"menu_order":0,"comment_status":"open","ping_status":"closed","template":"full_width.php","meta":[],"yoast_head":"<!-- This site is optimized with the Yoast SEO plugin v19.14 - https:\/\/yoast.com\/wordpress\/plugins\/seo\/ -->\n<title>The manifold perspective of creativity | eVa G\u00f3mez Coloma<\/title>\n<meta name=\"robots\" content=\"index, follow, max-snippet:-1, max-image-preview:large, max-video-preview:-1\" \/>\n<link rel=\"canonical\" href=\"https:\/\/m-eva.es\/la-mirada-multiple-de-la-creatividad\/\" \/>\n<meta property=\"og:locale\" content=\"en_US\" \/>\n<meta property=\"og:type\" content=\"article\" \/>\n<meta property=\"og:title\" content=\"The manifold perspective of creativity | eVa G\u00f3mez Coloma\" \/>\n<meta property=\"og:description\" content=\"[vc_row row_type=&#8221;row&#8221; use_row_as_full_screen_section=&#8221;yes&#8221; type=&#8221;full_width&#8221; angled_section=&#8221;no&#8221; text_align=&#8221;left&#8221; background_image_as_pattern=&#8221;without_pattern&#8221; css_animation=&#8221;&#8221; css=&#8221;.vc_custom_1480691942204{margin-right: 0px !important;margin-left: 0px !important;background-color: #ebf9d9 !important;}&#8221;][vc_column][vc_separator type=&#8221;transparent&#8221; down=&#8221;25&#8243;][vc_column_text] Writing about CREATIVITY means reflecting on the processes, abilities and results of human activity. And above all it means weaving through knowledge of and about PEOPLE. [\/vc_column_text][vc_separator type=&#8221;transparent&#8221;...\" \/>\n<meta property=\"og:url\" content=\"https:\/\/m-eva.es\/la-mirada-multiple-de-la-creatividad\/\" \/>\n<meta property=\"og:site_name\" content=\"eVa G\u00f3mez Coloma\" \/>\n<meta property=\"article:modified_time\" content=\"2017-03-29T07:03:33+00:00\" \/>\n<meta name=\"twitter:card\" content=\"summary_large_image\" \/>\n<meta name=\"twitter:site\" content=\"@eVa_kts\" \/>\n<meta name=\"twitter:label1\" content=\"Est. reading time\" \/>\n\t<meta name=\"twitter:data1\" content=\"2 minutes\" \/>\n<script type=\"application\/ld+json\" class=\"yoast-schema-graph\">{\"@context\":\"https:\/\/schema.org\",\"@graph\":[{\"@type\":\"WebPage\",\"@id\":\"https:\/\/m-eva.es\/la-mirada-multiple-de-la-creatividad\/\",\"url\":\"https:\/\/m-eva.es\/la-mirada-multiple-de-la-creatividad\/\",\"name\":\"The manifold perspective of creativity | eVa G\u00f3mez Coloma\",\"isPartOf\":{\"@id\":\"https:\/\/m-eva.es\/#website\"},\"datePublished\":\"2016-12-14T11:33:39+00:00\",\"dateModified\":\"2017-03-29T07:03:33+00:00\",\"breadcrumb\":{\"@id\":\"https:\/\/m-eva.es\/la-mirada-multiple-de-la-creatividad\/#breadcrumb\"},\"inLanguage\":\"en-US\",\"potentialAction\":[{\"@type\":\"ReadAction\",\"target\":[\"https:\/\/m-eva.es\/la-mirada-multiple-de-la-creatividad\/\"]}]},{\"@type\":\"BreadcrumbList\",\"@id\":\"https:\/\/m-eva.es\/la-mirada-multiple-de-la-creatividad\/#breadcrumb\",\"itemListElement\":[{\"@type\":\"ListItem\",\"position\":1,\"name\":\"Portada\",\"item\":\"https:\/\/m-eva.es\/\"},{\"@type\":\"ListItem\",\"position\":2,\"name\":\"La mirada m\u00faltiple de la creatividad\"}]},{\"@type\":\"WebSite\",\"@id\":\"https:\/\/m-eva.es\/#website\",\"url\":\"https:\/\/m-eva.es\/\",\"name\":\"eVa G\u00f3mez Coloma\",\"description\":\"dise\u00f1o marketing psicolog\u00eda\",\"publisher\":{\"@id\":\"https:\/\/m-eva.es\/#organization\"},\"potentialAction\":[{\"@type\":\"SearchAction\",\"target\":{\"@type\":\"EntryPoint\",\"urlTemplate\":\"https:\/\/m-eva.es\/?s={search_term_string}\"},\"query-input\":\"required name=search_term_string\"}],\"inLanguage\":\"en-US\"},{\"@type\":\"Organization\",\"@id\":\"https:\/\/m-eva.es\/#organization\",\"name\":\"eVa G\u00f3mez Coloma\",\"url\":\"https:\/\/m-eva.es\/\",\"logo\":{\"@type\":\"ImageObject\",\"inLanguage\":\"en-US\",\"@id\":\"https:\/\/m-eva.es\/#\/schema\/logo\/image\/\",\"url\":\"https:\/\/m-eva.es\/wp-content\/uploads\/2016\/12\/logo-eva-40.png\",\"contentUrl\":\"https:\/\/m-eva.es\/wp-content\/uploads\/2016\/12\/logo-eva-40.png\",\"width\":88,\"height\":40,\"caption\":\"eVa G\u00f3mez Coloma\"},\"image\":{\"@id\":\"https:\/\/m-eva.es\/#\/schema\/logo\/image\/\"},\"sameAs\":[\"https:\/\/www.instagram.com\/eva_kts\/?hl=es\",\"https:\/\/www.linkedin.com\/in\/evagomezcoloma\/\",\"https:\/\/www.pinterest.es\/eVafsh\/\",\"https:\/\/twitter.com\/eVa_kts\"]}]}<\/script>\n<!-- \/ Yoast SEO plugin. -->","yoast_head_json":{"title":"The manifold perspective of creativity | eVa G\u00f3mez Coloma","robots":{"index":"index","follow":"follow","max-snippet":"max-snippet:-1","max-image-preview":"max-image-preview:large","max-video-preview":"max-video-preview:-1"},"canonical":"https:\/\/m-eva.es\/la-mirada-multiple-de-la-creatividad\/","og_locale":"en_US","og_type":"article","og_title":"The manifold perspective of creativity | eVa G\u00f3mez Coloma","og_description":"[vc_row row_type=&#8221;row&#8221; use_row_as_full_screen_section=&#8221;yes&#8221; type=&#8221;full_width&#8221; angled_section=&#8221;no&#8221; text_align=&#8221;left&#8221; background_image_as_pattern=&#8221;without_pattern&#8221; css_animation=&#8221;&#8221; css=&#8221;.vc_custom_1480691942204{margin-right: 0px !important;margin-left: 0px !important;background-color: #ebf9d9 !important;}&#8221;][vc_column][vc_separator type=&#8221;transparent&#8221; down=&#8221;25&#8243;][vc_column_text] Writing about CREATIVITY means reflecting on the processes, abilities and results of human activity. And above all it means weaving through knowledge of and about PEOPLE. [\/vc_column_text][vc_separator type=&#8221;transparent&#8221;...","og_url":"https:\/\/m-eva.es\/la-mirada-multiple-de-la-creatividad\/","og_site_name":"eVa G\u00f3mez Coloma","article_modified_time":"2017-03-29T07:03:33+00:00","twitter_card":"summary_large_image","twitter_site":"@eVa_kts","twitter_misc":{"Est. reading time":"2 minutes"},"schema":{"@context":"https:\/\/schema.org","@graph":[{"@type":"WebPage","@id":"https:\/\/m-eva.es\/la-mirada-multiple-de-la-creatividad\/","url":"https:\/\/m-eva.es\/la-mirada-multiple-de-la-creatividad\/","name":"The manifold perspective of creativity | eVa G\u00f3mez Coloma","isPartOf":{"@id":"https:\/\/m-eva.es\/#website"},"datePublished":"2016-12-14T11:33:39+00:00","dateModified":"2017-03-29T07:03:33+00:00","breadcrumb":{"@id":"https:\/\/m-eva.es\/la-mirada-multiple-de-la-creatividad\/#breadcrumb"},"inLanguage":"en-US","potentialAction":[{"@type":"ReadAction","target":["https:\/\/m-eva.es\/la-mirada-multiple-de-la-creatividad\/"]}]},{"@type":"BreadcrumbList","@id":"https:\/\/m-eva.es\/la-mirada-multiple-de-la-creatividad\/#breadcrumb","itemListElement":[{"@type":"ListItem","position":1,"name":"Portada","item":"https:\/\/m-eva.es\/"},{"@type":"ListItem","position":2,"name":"La mirada m\u00faltiple de la creatividad"}]},{"@type":"WebSite","@id":"https:\/\/m-eva.es\/#website","url":"https:\/\/m-eva.es\/","name":"eVa G\u00f3mez Coloma","description":"dise\u00f1o marketing psicolog\u00eda","publisher":{"@id":"https:\/\/m-eva.es\/#organization"},"potentialAction":[{"@type":"SearchAction","target":{"@type":"EntryPoint","urlTemplate":"https:\/\/m-eva.es\/?s={search_term_string}"},"query-input":"required name=search_term_string"}],"inLanguage":"en-US"},{"@type":"Organization","@id":"https:\/\/m-eva.es\/#organization","name":"eVa G\u00f3mez Coloma","url":"https:\/\/m-eva.es\/","logo":{"@type":"ImageObject","inLanguage":"en-US","@id":"https:\/\/m-eva.es\/#\/schema\/logo\/image\/","url":"https:\/\/m-eva.es\/wp-content\/uploads\/2016\/12\/logo-eva-40.png","contentUrl":"https:\/\/m-eva.es\/wp-content\/uploads\/2016\/12\/logo-eva-40.png","width":88,"height":40,"caption":"eVa G\u00f3mez Coloma"},"image":{"@id":"https:\/\/m-eva.es\/#\/schema\/logo\/image\/"},"sameAs":["https:\/\/www.instagram.com\/eva_kts\/?hl=es","https:\/\/www.linkedin.com\/in\/evagomezcoloma\/","https:\/\/www.pinterest.es\/eVafsh\/","https:\/\/twitter.com\/eVa_kts"]}]}},"_links":{"self":[{"href":"https:\/\/m-eva.es\/en\/wp-json\/wp\/v2\/pages\/16243"}],"collection":[{"href":"https:\/\/m-eva.es\/en\/wp-json\/wp\/v2\/pages"}],"about":[{"href":"https:\/\/m-eva.es\/en\/wp-json\/wp\/v2\/types\/page"}],"author":[{"embeddable":true,"href":"https:\/\/m-eva.es\/en\/wp-json\/wp\/v2\/users\/1"}],"replies":[{"embeddable":true,"href":"https:\/\/m-eva.es\/en\/wp-json\/wp\/v2\/comments?post=16243"}],"version-history":[{"count":8,"href":"https:\/\/m-eva.es\/en\/wp-json\/wp\/v2\/pages\/16243\/revisions"}],"predecessor-version":[{"id":16458,"href":"https:\/\/m-eva.es\/en\/wp-json\/wp\/v2\/pages\/16243\/revisions\/16458"}],"wp:attachment":[{"href":"https:\/\/m-eva.es\/en\/wp-json\/wp\/v2\/media?parent=16243"}],"curies":[{"name":"wp","href":"https:\/\/api.w.org\/{rel}","templated":true}]}}