{"id":16154,"date":"2016-11-30T11:37:58","date_gmt":"2016-11-30T11:37:58","guid":{"rendered":"http:\/\/www.m-eva.es\/?page_id=16154"},"modified":"2018-06-10T18:04:59","modified_gmt":"2018-06-10T18:04:59","slug":"aviso-legal","status":"publish","type":"page","link":"https:\/\/m-eva.es\/en\/aviso-legal\/","title":{"rendered":"Aviso Legal"},"content":{"rendered":"<p>[vc_row row_type=&#8221;row&#8221; use_row_as_full_screen_section=&#8221;no&#8221; type=&#8221;full_width&#8221; angled_section=&#8221;no&#8221; text_align=&#8221;left&#8221; background_image_as_pattern=&#8221;without_pattern&#8221; css_animation=&#8221;&#8221;][vc_column][vc_column_text]Denominaci\u00f3n Social: eVa G\u00f3mez Coloma<br \/>\nNombre Comercial: eVa Gomez Coloma<br \/>\nDomicilio Social:\u00a0Rec Comtal, 12, 2\u00ba 4\u00aa 08003 Barcelona<br \/>\nCIF \/ NIF: 43439670-F<br \/>\nTel\u00e9fono: +34 935 165 203<\/p>\n<p>&nbsp;<\/p>\n<p>Eva G\u00f3mez Coloma, provisto con NIF\/CIF 43439670F, direcci\u00f3n Calle Reccomtal, 12, 2\u00ba 4\u00aa, 08003 &#8211; Barcelona (Barcelona), no puede asumir ninguna responsabilidad derivada del uso incorrecto, inapropiado o il\u00edcito de la informaci\u00f3n aparecida en las p\u00e1ginas de Internet de www.m-eva.es<\/p>\n<p>&nbsp;<\/p>\n<p>Con los l\u00edmites establecidos en la ley, www.m-eva.es no asume ninguna responsabilidad derivada de la falta de veracidad, integridad, actualizaci\u00f3n y precisi\u00f3n de los datos o informaciones que se contienen en sus p\u00e1ginas de Internet.<\/p>\n<p>&nbsp;<\/p>\n<p>Los contenidos e informaci\u00f3n no vinculan a www.m-eva.es ni constituyen opiniones, consejos o asesoramiento legal de ning\u00fan tipo pues se trata meramente de un servicio ofrecido con car\u00e1cter informativo y divulgativo.<\/p>\n<p>&nbsp;<\/p>\n<p>Las p\u00e1ginas de Internet de www.m-eva.es pueden contener enlaces (links) a otras p\u00e1ginas de terceras partes que www.m-eva.es no puede controlar. Por lo tanto, www.m-eva.es no puede asumir responsabilidades por el contenido que pueda aparecer en p\u00e1ginas de terceros.<\/p>\n<p>&nbsp;<\/p>\n<p>Los textos, im\u00e1genes, sonidos, animaciones, software y el resto de contenidos incluidos en este website son propiedad exclusiva de www.m-eva.es o sus licenciantes. Cualquier acto de transmisi\u00f3n, distribuci\u00f3n, cesi\u00f3n, reproducci\u00f3n, almacenamiento o comunicaci\u00f3n p\u00fablica total o parcial, debe contar con el consentimiento expreso de www.m-eva.es.<\/p>\n<p>&nbsp;<\/p>\n<p>Asimismo, para acceder a algunos de los servicios que www.m-eva.es ofrece a trav\u00e9s del website deber\u00e1 proporcionar algunos datos de car\u00e1cter personal. En cumplimiento de lo establecido en el Reglamento (UE) 2016\/679 del Parlamento Europeo y del Consejo, de 27 de abril de 2016, relativo a la protecci\u00f3n de las personas f\u00edsicas en lo que respecta al tratamiento de datos personales y a la libre circulaci\u00f3n de estos datos le informamos que, mediante la cumplimentaci\u00f3n de los presentes formularios, sus datos personales quedar\u00e1n incorporados y ser\u00e1n tratados en los ficheros de Eva G\u00f3mez Coloma con el fin de poderle prestar y ofrecer nuestros servicios as\u00ed como para informarle de las mejoras del sitio Web. Asimismo, le informamos de la posibilidad de que ejerza los derechos de acceso, rectificaci\u00f3n, cancelaci\u00f3n y oposici\u00f3n de sus datos de car\u00e1cter personal, manera gratuita mediante email a evagcoloma@m-eva.es o en la direcci\u00f3n Calle Reccomtal, 12, 2\u00ba 4\u00aa, 08003 &#8211; Barcelona (Barcelona).<\/p>\n<h3><\/h3>\n<p>[\/vc_column_text][\/vc_column][\/vc_row][vc_row row_type=&#8221;row&#8221; use_row_as_full_screen_section=&#8221;no&#8221; type=&#8221;full_width&#8221; angled_section=&#8221;no&#8221; text_align=&#8221;left&#8221; background_image_as_pattern=&#8221;without_pattern&#8221; css_animation=&#8221;&#8221;][vc_column][vc_separator type=&#8221;transparent&#8221;][\/vc_column][\/vc_row]<\/p>","protected":false},"excerpt":{"rendered":"<p>[vc_row row_type=&#8221;row&#8221; use_row_as_full_screen_section=&#8221;no&#8221; type=&#8221;full_width&#8221; angled_section=&#8221;no&#8221; text_align=&#8221;left&#8221; background_image_as_pattern=&#8221;without_pattern&#8221; css_animation=&#8221;&#8221;][vc_column][vc_column_text]Denominaci\u00f3n Social: eVa G\u00f3mez Coloma Nombre Comercial: eVa Gomez Coloma Domicilio Social:\u00a0Rec Comtal, 12, 2\u00ba 4\u00aa 08003 Barcelona CIF \/ NIF: 43439670-F Tel\u00e9fono: +34 935 165 203 &nbsp; Eva G\u00f3mez Coloma, provisto con NIF\/CIF 43439670F, direcci\u00f3n Calle Reccomtal,&#8230;<\/p>\n","protected":false},"author":1,"featured_media":0,"parent":0,"menu_order":0,"comment_status":"closed","ping_status":"closed","template":"","meta":[],"yoast_head":"<!-- This site is optimized with the Yoast SEO plugin v19.14 - https:\/\/yoast.com\/wordpress\/plugins\/seo\/ -->\n<title>Aviso Legal | eVa G\u00f3mez Coloma<\/title>\n<meta name=\"robots\" content=\"index, follow, max-snippet:-1, max-image-preview:large, max-video-preview:-1\" \/>\n<link rel=\"canonical\" href=\"https:\/\/m-eva.es\/aviso-legal\/\" \/>\n<meta property=\"og:locale\" content=\"en_US\" \/>\n<meta property=\"og:type\" content=\"article\" \/>\n<meta property=\"og:title\" content=\"Aviso Legal | eVa G\u00f3mez Coloma\" \/>\n<meta property=\"og:description\" content=\"[vc_row row_type=&#8221;row&#8221; use_row_as_full_screen_section=&#8221;no&#8221; type=&#8221;full_width&#8221; angled_section=&#8221;no&#8221; text_align=&#8221;left&#8221; background_image_as_pattern=&#8221;without_pattern&#8221; css_animation=&#8221;&#8221;][vc_column][vc_column_text]Denominaci\u00f3n Social: eVa G\u00f3mez Coloma Nombre Comercial: eVa Gomez Coloma Domicilio Social:\u00a0Rec Comtal, 12, 2\u00ba 4\u00aa 08003 Barcelona CIF \/ NIF: 43439670-F Tel\u00e9fono: +34 935 165 203 &nbsp; Eva G\u00f3mez Coloma, provisto con NIF\/CIF 43439670F, direcci\u00f3n Calle Reccomtal,...\" \/>\n<meta property=\"og:url\" content=\"https:\/\/m-eva.es\/aviso-legal\/\" \/>\n<meta property=\"og:site_name\" content=\"eVa G\u00f3mez Coloma\" \/>\n<meta property=\"article:modified_time\" content=\"2018-06-10T18:04:59+00:00\" \/>\n<meta name=\"twitter:card\" content=\"summary_large_image\" \/>\n<meta name=\"twitter:site\" content=\"@eVa_kts\" \/>\n<meta name=\"twitter:label1\" content=\"Est. reading time\" \/>\n\t<meta name=\"twitter:data1\" content=\"5 minutes\" \/>\n<script type=\"application\/ld+json\" class=\"yoast-schema-graph\">{\"@context\":\"https:\/\/schema.org\",\"@graph\":[{\"@type\":\"WebPage\",\"@id\":\"https:\/\/m-eva.es\/aviso-legal\/\",\"url\":\"https:\/\/m-eva.es\/aviso-legal\/\",\"name\":\"Aviso Legal | eVa G\u00f3mez Coloma\",\"isPartOf\":{\"@id\":\"https:\/\/m-eva.es\/#website\"},\"datePublished\":\"2016-11-30T11:37:58+00:00\",\"dateModified\":\"2018-06-10T18:04:59+00:00\",\"breadcrumb\":{\"@id\":\"https:\/\/m-eva.es\/aviso-legal\/#breadcrumb\"},\"inLanguage\":\"en-US\",\"potentialAction\":[{\"@type\":\"ReadAction\",\"target\":[\"https:\/\/m-eva.es\/aviso-legal\/\"]}]},{\"@type\":\"BreadcrumbList\",\"@id\":\"https:\/\/m-eva.es\/aviso-legal\/#breadcrumb\",\"itemListElement\":[{\"@type\":\"ListItem\",\"position\":1,\"name\":\"Portada\",\"item\":\"https:\/\/m-eva.es\/\"},{\"@type\":\"ListItem\",\"position\":2,\"name\":\"Aviso Legal\"}]},{\"@type\":\"WebSite\",\"@id\":\"https:\/\/m-eva.es\/#website\",\"url\":\"https:\/\/m-eva.es\/\",\"name\":\"eVa G\u00f3mez Coloma\",\"description\":\"dise\u00f1o marketing psicolog\u00eda\",\"publisher\":{\"@id\":\"https:\/\/m-eva.es\/#organization\"},\"potentialAction\":[{\"@type\":\"SearchAction\",\"target\":{\"@type\":\"EntryPoint\",\"urlTemplate\":\"https:\/\/m-eva.es\/?s={search_term_string}\"},\"query-input\":\"required name=search_term_string\"}],\"inLanguage\":\"en-US\"},{\"@type\":\"Organization\",\"@id\":\"https:\/\/m-eva.es\/#organization\",\"name\":\"eVa G\u00f3mez Coloma\",\"url\":\"https:\/\/m-eva.es\/\",\"logo\":{\"@type\":\"ImageObject\",\"inLanguage\":\"en-US\",\"@id\":\"https:\/\/m-eva.es\/#\/schema\/logo\/image\/\",\"url\":\"https:\/\/m-eva.es\/wp-content\/uploads\/2016\/12\/logo-eva-40.png\",\"contentUrl\":\"https:\/\/m-eva.es\/wp-content\/uploads\/2016\/12\/logo-eva-40.png\",\"width\":88,\"height\":40,\"caption\":\"eVa G\u00f3mez Coloma\"},\"image\":{\"@id\":\"https:\/\/m-eva.es\/#\/schema\/logo\/image\/\"},\"sameAs\":[\"https:\/\/www.instagram.com\/eva_kts\/?hl=es\",\"https:\/\/www.linkedin.com\/in\/evagomezcoloma\/\",\"https:\/\/www.pinterest.es\/eVafsh\/\",\"https:\/\/twitter.com\/eVa_kts\"]}]}<\/script>\n<!-- \/ Yoast SEO plugin. -->","yoast_head_json":{"title":"Aviso Legal | eVa G\u00f3mez Coloma","robots":{"index":"index","follow":"follow","max-snippet":"max-snippet:-1","max-image-preview":"max-image-preview:large","max-video-preview":"max-video-preview:-1"},"canonical":"https:\/\/m-eva.es\/aviso-legal\/","og_locale":"en_US","og_type":"article","og_title":"Aviso Legal | eVa G\u00f3mez Coloma","og_description":"[vc_row row_type=&#8221;row&#8221; use_row_as_full_screen_section=&#8221;no&#8221; type=&#8221;full_width&#8221; angled_section=&#8221;no&#8221; text_align=&#8221;left&#8221; background_image_as_pattern=&#8221;without_pattern&#8221; css_animation=&#8221;&#8221;][vc_column][vc_column_text]Denominaci\u00f3n Social: eVa G\u00f3mez Coloma Nombre Comercial: eVa Gomez Coloma Domicilio Social:\u00a0Rec Comtal, 12, 2\u00ba 4\u00aa 08003 Barcelona CIF \/ NIF: 43439670-F Tel\u00e9fono: +34 935 165 203 &nbsp; Eva G\u00f3mez Coloma, provisto con NIF\/CIF 43439670F, direcci\u00f3n Calle Reccomtal,...","og_url":"https:\/\/m-eva.es\/aviso-legal\/","og_site_name":"eVa G\u00f3mez Coloma","article_modified_time":"2018-06-10T18:04:59+00:00","twitter_card":"summary_large_image","twitter_site":"@eVa_kts","twitter_misc":{"Est. reading time":"5 minutes"},"schema":{"@context":"https:\/\/schema.org","@graph":[{"@type":"WebPage","@id":"https:\/\/m-eva.es\/aviso-legal\/","url":"https:\/\/m-eva.es\/aviso-legal\/","name":"Aviso Legal | eVa G\u00f3mez Coloma","isPartOf":{"@id":"https:\/\/m-eva.es\/#website"},"datePublished":"2016-11-30T11:37:58+00:00","dateModified":"2018-06-10T18:04:59+00:00","breadcrumb":{"@id":"https:\/\/m-eva.es\/aviso-legal\/#breadcrumb"},"inLanguage":"en-US","potentialAction":[{"@type":"ReadAction","target":["https:\/\/m-eva.es\/aviso-legal\/"]}]},{"@type":"BreadcrumbList","@id":"https:\/\/m-eva.es\/aviso-legal\/#breadcrumb","itemListElement":[{"@type":"ListItem","position":1,"name":"Portada","item":"https:\/\/m-eva.es\/"},{"@type":"ListItem","position":2,"name":"Aviso Legal"}]},{"@type":"WebSite","@id":"https:\/\/m-eva.es\/#website","url":"https:\/\/m-eva.es\/","name":"eVa G\u00f3mez Coloma","description":"dise\u00f1o marketing psicolog\u00eda","publisher":{"@id":"https:\/\/m-eva.es\/#organization"},"potentialAction":[{"@type":"SearchAction","target":{"@type":"EntryPoint","urlTemplate":"https:\/\/m-eva.es\/?s={search_term_string}"},"query-input":"required name=search_term_string"}],"inLanguage":"en-US"},{"@type":"Organization","@id":"https:\/\/m-eva.es\/#organization","name":"eVa G\u00f3mez Coloma","url":"https:\/\/m-eva.es\/","logo":{"@type":"ImageObject","inLanguage":"en-US","@id":"https:\/\/m-eva.es\/#\/schema\/logo\/image\/","url":"https:\/\/m-eva.es\/wp-content\/uploads\/2016\/12\/logo-eva-40.png","contentUrl":"https:\/\/m-eva.es\/wp-content\/uploads\/2016\/12\/logo-eva-40.png","width":88,"height":40,"caption":"eVa G\u00f3mez Coloma"},"image":{"@id":"https:\/\/m-eva.es\/#\/schema\/logo\/image\/"},"sameAs":["https:\/\/www.instagram.com\/eva_kts\/?hl=es","https:\/\/www.linkedin.com\/in\/evagomezcoloma\/","https:\/\/www.pinterest.es\/eVafsh\/","https:\/\/twitter.com\/eVa_kts"]}]}},"_links":{"self":[{"href":"https:\/\/m-eva.es\/en\/wp-json\/wp\/v2\/pages\/16154"}],"collection":[{"href":"https:\/\/m-eva.es\/en\/wp-json\/wp\/v2\/pages"}],"about":[{"href":"https:\/\/m-eva.es\/en\/wp-json\/wp\/v2\/types\/page"}],"author":[{"embeddable":true,"href":"https:\/\/m-eva.es\/en\/wp-json\/wp\/v2\/users\/1"}],"replies":[{"embeddable":true,"href":"https:\/\/m-eva.es\/en\/wp-json\/wp\/v2\/comments?post=16154"}],"version-history":[{"count":5,"href":"https:\/\/m-eva.es\/en\/wp-json\/wp\/v2\/pages\/16154\/revisions"}],"predecessor-version":[{"id":16620,"href":"https:\/\/m-eva.es\/en\/wp-json\/wp\/v2\/pages\/16154\/revisions\/16620"}],"wp:attachment":[{"href":"https:\/\/m-eva.es\/en\/wp-json\/wp\/v2\/media?parent=16154"}],"curies":[{"name":"wp","href":"https:\/\/api.w.org\/{rel}","templated":true}]}}