{"id":1452,"date":"2013-10-16T12:05:38","date_gmt":"2013-10-16T12:05:38","guid":{"rendered":"http:\/\/demo.qodeinteractive.com\/bridge37\/?page_id=1452"},"modified":"2020-10-10T07:59:18","modified_gmt":"2020-10-10T07:59:18","slug":"contacto","status":"publish","type":"page","link":"https:\/\/m-eva.es\/en\/contacto\/","title":{"rendered":"Contact"},"content":{"rendered":"<p>[vc_row row_type=&#8221;row&#8221; use_row_as_full_screen_section=&#8221;no&#8221; type=&#8221;full_width&#8221; angled_section=&#8221;no&#8221; text_align=&#8221;left&#8221; background_image_as_pattern=&#8221;without_pattern&#8221; background_color=&#8221;#ebf9d9&#8243; css_animation=&#8221;&#8221; css=&#8221;.vc_custom_1480692309558{margin-top: -30px !important;}&#8221;][vc_column width=&#8221;1\/12&#8243;][\/vc_column][vc_column width=&#8221;3\/12&#8243;][vc_separator type=&#8221;transparent&#8221; up=&#8221;50&#8243;][vc_column_text]<\/p>\n<h6>OUR OFFICE<\/h6>\n<p>[\/vc_column_text][vc_separator type=&#8221;transparent&#8221; up=&#8221;6&#8243; down=&#8221;6&#8243;][vc_column_text]Calle Rec Comtal, 12, 2\u00ba 4\u00aa<\/p>\n<p>08003 Barcelona<\/p>\n<p>Email: <a href=\"mailto:hola@m-eva.es\">hola@m-eva.es<\/a>[\/vc_column_text][vc_separator type=&#8221;transparent&#8221; up=&#8221;50&#8243;]<span class='q_social_icon_holder normal_social' data-hover-color=#007b3c><a href='https:\/\/twitter.com\/eva_kts' target='_blank'><i class=\"qode_icon_font_awesome fa fa-twitter fa-lg simple_social\" style=\"margin: 0 13px 0 0;\" ><\/i><\/a><\/span><span class='q_social_icon_holder normal_social' data-hover-color=#007b3c><a href='https:\/\/www.facebook.com\/eVagomezcoloma\/' target='_blank'><i class=\"qode_icon_font_awesome fa fa-facebook fa-lg simple_social\" style=\"margin: 0 13px 0 0;\" ><\/i><\/a><\/span><span class='q_social_icon_holder normal_social' data-hover-color=#007b3c><a href='https:\/\/www.instagram.com\/eva_kts\/' target='_blank'><i class=\"qode_icon_font_awesome fa fa-instagram fa-lg simple_social\" style=\"margin: 0 13px 0 0;\" ><\/i><\/a><\/span><span class='q_social_icon_holder normal_social' data-hover-color=#007b3c><a href='https:\/\/www.linkedin.com\/in\/evagomezcoloma' target='_blank'><i class=\"qode_icon_font_awesome fa fa-linkedin fa-lg simple_social\" style=\"margin: 0 13px 0 0;\" ><\/i><\/a><\/span>[vc_separator type=&#8221;transparent&#8221; up=&#8221;10&#8243;][vc_column_text]<\/p>\n<p style=\"text-align: left;\"><strong>RRSS<\/strong><\/p>\n<p style=\"text-align: left;\">@eVa_kts<\/p>\n<p style=\"text-align: left;\">@eVa_fsh<\/p>\n<p style=\"text-align: left;\">eVa G\u00f3mez Coloma<\/p>\n<p>[\/vc_column_text][\/vc_column][vc_column width=&#8221;7\/12&#8243;][vc_separator type=&#8221;transparent&#8221; down=&#8221;20&#8243;][vc_column_text]<\/p>\n<h2>Hi!<\/h2>\n<p>[\/vc_column_text][vc_separator type=&#8221;transparent&#8221; down=&#8221;20&#8243;][vc_column_text]Do you have any questions about my blog? Are you interested in my consultancy services or would you like us to work together on a project?<\/p>\n<p>&nbsp;<\/p>\n<p>You can contact me by email or telephone, or send me a message by filling in the form below, and I\u2019ll get back to you as soon as possible.[\/vc_column_text][vc_separator type=&#8221;transparent&#8221; down=&#8221;50&#8243;]<div class=\"wpcf7 no-js\" id=\"wpcf7-f16462-o2\" lang=\"es-ES\" dir=\"ltr\">\n<div class=\"screen-reader-response\"><p role=\"status\" aria-live=\"polite\" aria-atomic=\"true\"><\/p> <ul><\/ul><\/div>\n<form action=\"\/en\/wp-json\/wp\/v2\/pages\/1452#wpcf7-f16462-o2\" method=\"post\" class=\"wpcf7-form init cf7_custom_style_1\" aria-label=\"Formulario de contacto\" novalidate=\"novalidate\" data-status=\"init\">\n<div style=\"display: none;\">\n<input type=\"hidden\" name=\"_wpcf7\" value=\"16462\" \/>\n<input type=\"hidden\" name=\"_wpcf7_version\" value=\"5.7.2\" \/>\n<input type=\"hidden\" name=\"_wpcf7_locale\" value=\"es_ES\" \/>\n<input type=\"hidden\" name=\"_wpcf7_unit_tag\" value=\"wpcf7-f16462-o2\" \/>\n<input type=\"hidden\" name=\"_wpcf7_container_post\" value=\"0\" \/>\n<input type=\"hidden\" name=\"_wpcf7_posted_data_hash\" value=\"\" \/>\n<\/div>\n<p><label> Name (required)<br \/>\n<span class=\"wpcf7-form-control-wrap\" data-name=\"your-name\"><input size=\"40\" class=\"wpcf7-form-control wpcf7-text wpcf7-validates-as-required\" aria-required=\"true\" aria-invalid=\"false\" value=\"\" type=\"text\" name=\"your-name\" \/><\/span> <\/label>\n<\/p>\n<p><label> Email (required)<br \/>\n<span class=\"wpcf7-form-control-wrap\" data-name=\"your-email\"><input size=\"40\" class=\"wpcf7-form-control wpcf7-text wpcf7-email wpcf7-validates-as-required wpcf7-validates-as-email\" aria-required=\"true\" aria-invalid=\"false\" value=\"\" type=\"email\" name=\"your-email\" \/><\/span> <\/label>\n<\/p>\n<p><label> Subject<br \/>\n<span class=\"wpcf7-form-control-wrap\" data-name=\"your-subject\"><input size=\"40\" class=\"wpcf7-form-control wpcf7-text\" aria-invalid=\"false\" value=\"\" type=\"text\" name=\"your-subject\" \/><\/span> <\/label>\n<\/p>\n<p><label> Message<br \/>\n<span class=\"wpcf7-form-control-wrap\" data-name=\"your-message\"><textarea cols=\"40\" rows=\"10\" class=\"wpcf7-form-control wpcf7-textarea\" aria-invalid=\"false\" name=\"your-message\"><\/textarea><\/span> <\/label>\n<\/p>\n<p><span class=\"wpcf7-form-control-wrap\" data-name=\"acceptance-517\"><span class=\"wpcf7-form-control wpcf7-acceptance optional\"><span class=\"wpcf7-list-item\"><label><input type=\"checkbox\" name=\"acceptance-517\" value=\"1\" aria-invalid=\"false\" \/><span class=\"wpcf7-list-item-label\">I have read and accept the <a href=\"https:\/\/m-eva.es\/politica-de-privacidad\/\" target=\"_blank\"> privacy policy<\/a> and the <a href=\"https:\/\/m-eva.es\/aviso-legal\/\" target=\"_blank\">legal notice<\/a>.<\/span><\/label><\/span><\/span><\/span>\n<\/p>\n<p><span class=\"wpcf7-form-control-wrap\" data-name=\"quiz\"><label><span class=\"wpcf7-quiz-label\">What is 3 + 7?<\/span> <input size=\"40\" class=\"wpcf7-form-control wpcf7-quiz\" autocomplete=\"off\" aria-required=\"true\" aria-invalid=\"false\" type=\"text\" name=\"quiz\" \/><\/label><input type=\"hidden\" name=\"_wpcf7_quiz_answer_quiz\" value=\"49b00276841b6fb828e4b3d5a8645302\" \/><\/span>\n<\/p>\n<div id=\"cf7sr-69ddf502d8e08\" class=\"cf7sr-g-recaptcha\" data-sitekey=\"6LdhOdUUAAAAAIupTwoI-hozvhPdZ034ugIhQ5ln\"><\/div><span class=\"wpcf7-form-control-wrap cf7sr-recaptcha\" data-name=\"cf7sr-recaptcha\"><input type=\"hidden\" name=\"cf7sr-recaptcha\" value=\"\" class=\"wpcf7-form-control\"><\/span>\n<\/p>\n<p><input class=\"wpcf7-form-control has-spinner wpcf7-submit\" type=\"submit\" value=\"Send\" \/>\n<\/p><div class=\"wpcf7-response-output\" aria-hidden=\"true\"><\/div><\/form><\/div>[\/vc_column][vc_column width=&#8221;1\/12&#8243;][\/vc_column][\/vc_row]<\/p>","protected":false},"excerpt":{"rendered":"<p>[vc_row row_type=&#8221;row&#8221; use_row_as_full_screen_section=&#8221;no&#8221; type=&#8221;full_width&#8221; angled_section=&#8221;no&#8221; text_align=&#8221;left&#8221; background_image_as_pattern=&#8221;without_pattern&#8221; background_color=&#8221;#ebf9d9&#8243; css_animation=&#8221;&#8221; css=&#8221;.vc_custom_1480692309558{margin-top: -30px !important;}&#8221;][vc_column width=&#8221;1\/12&#8243;][\/vc_column][vc_column width=&#8221;3\/12&#8243;][vc_separator type=&#8221;transparent&#8221; up=&#8221;50&#8243;][vc_column_text] OUR OFFICE [\/vc_column_text][vc_separator type=&#8221;transparent&#8221; up=&#8221;6&#8243; down=&#8221;6&#8243;][vc_column_text]Calle Rec Comtal, 12, 2\u00ba 4\u00aa 08003 Barcelona Email: hola@m-eva.es[\/vc_column_text][vc_separator type=&#8221;transparent&#8221; up=&#8221;50&#8243;][vc_separator type=&#8221;transparent&#8221; up=&#8221;10&#8243;][vc_column_text] RRSS @eVa_kts @eVa_fsh eVa G\u00f3mez Coloma [\/vc_column_text][\/vc_column][vc_column width=&#8221;7\/12&#8243;][vc_separator type=&#8221;transparent&#8221; down=&#8221;20&#8243;][vc_column_text]&#8230;<\/p>\n","protected":false},"author":1,"featured_media":0,"parent":0,"menu_order":0,"comment_status":"open","ping_status":"closed","template":"","meta":[],"yoast_head":"<!-- This site is optimized with the Yoast SEO plugin v19.14 - https:\/\/yoast.com\/wordpress\/plugins\/seo\/ -->\n<title>Contact | eVa G\u00f3mez Coloma<\/title>\n<meta name=\"robots\" content=\"index, follow, max-snippet:-1, max-image-preview:large, max-video-preview:-1\" \/>\n<link rel=\"canonical\" href=\"https:\/\/m-eva.es\/contacto\/\" \/>\n<meta property=\"og:locale\" content=\"en_US\" \/>\n<meta property=\"og:type\" content=\"article\" \/>\n<meta property=\"og:title\" content=\"Contact | eVa G\u00f3mez Coloma\" \/>\n<meta property=\"og:description\" content=\"[vc_row row_type=&#8221;row&#8221; use_row_as_full_screen_section=&#8221;no&#8221; type=&#8221;full_width&#8221; angled_section=&#8221;no&#8221; text_align=&#8221;left&#8221; background_image_as_pattern=&#8221;without_pattern&#8221; background_color=&#8221;#ebf9d9&#8243; css_animation=&#8221;&#8221; css=&#8221;.vc_custom_1480692309558{margin-top: -30px !important;}&#8221;][vc_column width=&#8221;1\/12&#8243;][\/vc_column][vc_column width=&#8221;3\/12&#8243;][vc_separator type=&#8221;transparent&#8221; up=&#8221;50&#8243;][vc_column_text] OUR OFFICE [\/vc_column_text][vc_separator type=&#8221;transparent&#8221; up=&#8221;6&#8243; down=&#8221;6&#8243;][vc_column_text]Calle Rec Comtal, 12, 2\u00ba 4\u00aa 08003 Barcelona Email: hola@m-eva.es[\/vc_column_text][vc_separator type=&#8221;transparent&#8221; up=&#8221;50&#8243;][vc_separator type=&#8221;transparent&#8221; up=&#8221;10&#8243;][vc_column_text] RRSS @eVa_kts @eVa_fsh eVa G\u00f3mez Coloma [\/vc_column_text][\/vc_column][vc_column width=&#8221;7\/12&#8243;][vc_separator type=&#8221;transparent&#8221; down=&#8221;20&#8243;][vc_column_text]...\" \/>\n<meta property=\"og:url\" content=\"https:\/\/m-eva.es\/contacto\/\" \/>\n<meta property=\"og:site_name\" content=\"eVa G\u00f3mez Coloma\" \/>\n<meta property=\"article:modified_time\" content=\"2020-10-10T07:59:18+00:00\" \/>\n<meta name=\"twitter:card\" content=\"summary_large_image\" \/>\n<meta name=\"twitter:site\" content=\"@eVa_kts\" \/>\n<meta name=\"twitter:label1\" content=\"Est. reading time\" \/>\n\t<meta name=\"twitter:data1\" content=\"4 minutes\" \/>\n<script type=\"application\/ld+json\" class=\"yoast-schema-graph\">{\"@context\":\"https:\/\/schema.org\",\"@graph\":[{\"@type\":\"WebPage\",\"@id\":\"https:\/\/m-eva.es\/contacto\/\",\"url\":\"https:\/\/m-eva.es\/contacto\/\",\"name\":\"Contact | eVa G\u00f3mez Coloma\",\"isPartOf\":{\"@id\":\"https:\/\/m-eva.es\/#website\"},\"datePublished\":\"2013-10-16T12:05:38+00:00\",\"dateModified\":\"2020-10-10T07:59:18+00:00\",\"breadcrumb\":{\"@id\":\"https:\/\/m-eva.es\/contacto\/#breadcrumb\"},\"inLanguage\":\"en-US\",\"potentialAction\":[{\"@type\":\"ReadAction\",\"target\":[\"https:\/\/m-eva.es\/contacto\/\"]}]},{\"@type\":\"BreadcrumbList\",\"@id\":\"https:\/\/m-eva.es\/contacto\/#breadcrumb\",\"itemListElement\":[{\"@type\":\"ListItem\",\"position\":1,\"name\":\"Portada\",\"item\":\"https:\/\/m-eva.es\/\"},{\"@type\":\"ListItem\",\"position\":2,\"name\":\"Contacto\"}]},{\"@type\":\"WebSite\",\"@id\":\"https:\/\/m-eva.es\/#website\",\"url\":\"https:\/\/m-eva.es\/\",\"name\":\"eVa G\u00f3mez Coloma\",\"description\":\"dise\u00f1o marketing psicolog\u00eda\",\"publisher\":{\"@id\":\"https:\/\/m-eva.es\/#organization\"},\"potentialAction\":[{\"@type\":\"SearchAction\",\"target\":{\"@type\":\"EntryPoint\",\"urlTemplate\":\"https:\/\/m-eva.es\/?s={search_term_string}\"},\"query-input\":\"required name=search_term_string\"}],\"inLanguage\":\"en-US\"},{\"@type\":\"Organization\",\"@id\":\"https:\/\/m-eva.es\/#organization\",\"name\":\"eVa G\u00f3mez Coloma\",\"url\":\"https:\/\/m-eva.es\/\",\"logo\":{\"@type\":\"ImageObject\",\"inLanguage\":\"en-US\",\"@id\":\"https:\/\/m-eva.es\/#\/schema\/logo\/image\/\",\"url\":\"https:\/\/m-eva.es\/wp-content\/uploads\/2016\/12\/logo-eva-40.png\",\"contentUrl\":\"https:\/\/m-eva.es\/wp-content\/uploads\/2016\/12\/logo-eva-40.png\",\"width\":88,\"height\":40,\"caption\":\"eVa G\u00f3mez Coloma\"},\"image\":{\"@id\":\"https:\/\/m-eva.es\/#\/schema\/logo\/image\/\"},\"sameAs\":[\"https:\/\/www.instagram.com\/eva_kts\/?hl=es\",\"https:\/\/www.linkedin.com\/in\/evagomezcoloma\/\",\"https:\/\/www.pinterest.es\/eVafsh\/\",\"https:\/\/twitter.com\/eVa_kts\"]}]}<\/script>\n<!-- \/ Yoast SEO plugin. -->","yoast_head_json":{"title":"Contact | eVa G\u00f3mez Coloma","robots":{"index":"index","follow":"follow","max-snippet":"max-snippet:-1","max-image-preview":"max-image-preview:large","max-video-preview":"max-video-preview:-1"},"canonical":"https:\/\/m-eva.es\/contacto\/","og_locale":"en_US","og_type":"article","og_title":"Contact | eVa G\u00f3mez Coloma","og_description":"[vc_row row_type=&#8221;row&#8221; use_row_as_full_screen_section=&#8221;no&#8221; type=&#8221;full_width&#8221; angled_section=&#8221;no&#8221; text_align=&#8221;left&#8221; background_image_as_pattern=&#8221;without_pattern&#8221; background_color=&#8221;#ebf9d9&#8243; css_animation=&#8221;&#8221; css=&#8221;.vc_custom_1480692309558{margin-top: -30px !important;}&#8221;][vc_column width=&#8221;1\/12&#8243;][\/vc_column][vc_column width=&#8221;3\/12&#8243;][vc_separator type=&#8221;transparent&#8221; up=&#8221;50&#8243;][vc_column_text] OUR OFFICE [\/vc_column_text][vc_separator type=&#8221;transparent&#8221; up=&#8221;6&#8243; down=&#8221;6&#8243;][vc_column_text]Calle Rec Comtal, 12, 2\u00ba 4\u00aa 08003 Barcelona Email: hola@m-eva.es[\/vc_column_text][vc_separator type=&#8221;transparent&#8221; up=&#8221;50&#8243;][vc_separator type=&#8221;transparent&#8221; up=&#8221;10&#8243;][vc_column_text] RRSS @eVa_kts @eVa_fsh eVa G\u00f3mez Coloma [\/vc_column_text][\/vc_column][vc_column width=&#8221;7\/12&#8243;][vc_separator type=&#8221;transparent&#8221; down=&#8221;20&#8243;][vc_column_text]...","og_url":"https:\/\/m-eva.es\/contacto\/","og_site_name":"eVa G\u00f3mez Coloma","article_modified_time":"2020-10-10T07:59:18+00:00","twitter_card":"summary_large_image","twitter_site":"@eVa_kts","twitter_misc":{"Est. reading time":"4 minutes"},"schema":{"@context":"https:\/\/schema.org","@graph":[{"@type":"WebPage","@id":"https:\/\/m-eva.es\/contacto\/","url":"https:\/\/m-eva.es\/contacto\/","name":"Contact | eVa G\u00f3mez Coloma","isPartOf":{"@id":"https:\/\/m-eva.es\/#website"},"datePublished":"2013-10-16T12:05:38+00:00","dateModified":"2020-10-10T07:59:18+00:00","breadcrumb":{"@id":"https:\/\/m-eva.es\/contacto\/#breadcrumb"},"inLanguage":"en-US","potentialAction":[{"@type":"ReadAction","target":["https:\/\/m-eva.es\/contacto\/"]}]},{"@type":"BreadcrumbList","@id":"https:\/\/m-eva.es\/contacto\/#breadcrumb","itemListElement":[{"@type":"ListItem","position":1,"name":"Portada","item":"https:\/\/m-eva.es\/"},{"@type":"ListItem","position":2,"name":"Contacto"}]},{"@type":"WebSite","@id":"https:\/\/m-eva.es\/#website","url":"https:\/\/m-eva.es\/","name":"eVa G\u00f3mez Coloma","description":"dise\u00f1o marketing psicolog\u00eda","publisher":{"@id":"https:\/\/m-eva.es\/#organization"},"potentialAction":[{"@type":"SearchAction","target":{"@type":"EntryPoint","urlTemplate":"https:\/\/m-eva.es\/?s={search_term_string}"},"query-input":"required name=search_term_string"}],"inLanguage":"en-US"},{"@type":"Organization","@id":"https:\/\/m-eva.es\/#organization","name":"eVa G\u00f3mez Coloma","url":"https:\/\/m-eva.es\/","logo":{"@type":"ImageObject","inLanguage":"en-US","@id":"https:\/\/m-eva.es\/#\/schema\/logo\/image\/","url":"https:\/\/m-eva.es\/wp-content\/uploads\/2016\/12\/logo-eva-40.png","contentUrl":"https:\/\/m-eva.es\/wp-content\/uploads\/2016\/12\/logo-eva-40.png","width":88,"height":40,"caption":"eVa G\u00f3mez Coloma"},"image":{"@id":"https:\/\/m-eva.es\/#\/schema\/logo\/image\/"},"sameAs":["https:\/\/www.instagram.com\/eva_kts\/?hl=es","https:\/\/www.linkedin.com\/in\/evagomezcoloma\/","https:\/\/www.pinterest.es\/eVafsh\/","https:\/\/twitter.com\/eVa_kts"]}]}},"_links":{"self":[{"href":"https:\/\/m-eva.es\/en\/wp-json\/wp\/v2\/pages\/1452"}],"collection":[{"href":"https:\/\/m-eva.es\/en\/wp-json\/wp\/v2\/pages"}],"about":[{"href":"https:\/\/m-eva.es\/en\/wp-json\/wp\/v2\/types\/page"}],"author":[{"embeddable":true,"href":"https:\/\/m-eva.es\/en\/wp-json\/wp\/v2\/users\/1"}],"replies":[{"embeddable":true,"href":"https:\/\/m-eva.es\/en\/wp-json\/wp\/v2\/comments?post=1452"}],"version-history":[{"count":48,"href":"https:\/\/m-eva.es\/en\/wp-json\/wp\/v2\/pages\/1452\/revisions"}],"predecessor-version":[{"id":16501,"href":"https:\/\/m-eva.es\/en\/wp-json\/wp\/v2\/pages\/1452\/revisions\/16501"}],"wp:attachment":[{"href":"https:\/\/m-eva.es\/en\/wp-json\/wp\/v2\/media?parent=1452"}],"curies":[{"name":"wp","href":"https:\/\/api.w.org\/{rel}","templated":true}]}}